{"id":33068,"date":"2024-07-17T12:41:43","date_gmt":"2024-07-17T11:41:43","guid":{"rendered":"https:\/\/blublube.com\/?page_id=33068"},"modified":"2026-03-19T12:14:21","modified_gmt":"2026-03-19T11:14:21","slug":"workshop","status":"publish","type":"page","link":"https:\/\/blublube.com\/es\/workshop\/","title":{"rendered":"Workshop"},"content":{"rendered":"\t\t<div data-elementor-type=\"wp-page\" data-elementor-id=\"33068\" class=\"elementor elementor-33068 elementor-33067\" data-elementor-post-type=\"page\">\n\t\t\t\t\t\t<section class=\"elementor-section elementor-top-section elementor-element elementor-element-63eb178f elementor-section-full_width elementor-section-height-min-height elementor-section-stretched elementor-section-height-default elementor-section-items-middle\" data-id=\"63eb178f\" data-element_type=\"section\" data-e-type=\"section\" data-settings=\"{&quot;stretch_section&quot;:&quot;section-stretched&quot;,&quot;background_background&quot;:&quot;classic&quot;}\">\n\t\t\t\t\t\t\t<div class=\"elementor-background-overlay\"><\/div>\n\t\t\t\t\t\t\t<div class=\"elementor-container elementor-column-gap-default\">\n\t\t\t\t\t<div class=\"elementor-column elementor-col-100 elementor-top-column elementor-element elementor-element-2596e4da\" data-id=\"2596e4da\" data-element_type=\"column\" data-e-type=\"column\">\n\t\t\t<div class=\"elementor-widget-wrap elementor-element-populated\">\n\t\t\t\t\t\t<div class=\"elementor-element elementor-element-258abccf elementor-widget elementor-widget-heading\" data-id=\"258abccf\" data-element_type=\"widget\" data-e-type=\"widget\" data-widget_type=\"heading.default\">\n\t\t\t\t<div class=\"elementor-widget-container\">\n\t\t\t\t\t<h1 class=\"elementor-heading-title elementor-size-default\">Workshop<\/h1>\t\t\t\t<\/div>\n\t\t\t\t<\/div>\n\t\t\t\t\t<\/div>\n\t\t<\/div>\n\t\t\t\t\t<\/div>\n\t\t<\/section>\n\t\t\t\t<section class=\"elementor-section elementor-top-section elementor-element elementor-element-afaa77c elementor-section-content-middle elementor-section-boxed elementor-section-height-default elementor-section-height-default\" data-id=\"afaa77c\" data-element_type=\"section\" data-e-type=\"section\">\n\t\t\t\t\t\t<div class=\"elementor-container elementor-column-gap-default\">\n\t\t\t\t\t<div class=\"elementor-column elementor-col-25 elementor-top-column elementor-element elementor-element-6096ca0\" data-id=\"6096ca0\" data-element_type=\"column\" data-e-type=\"column\">\n\t\t\t<div class=\"elementor-widget-wrap elementor-element-populated\">\n\t\t\t\t\t\t<div class=\"elementor-element elementor-element-aa351cc e-transform e-transform elementor-widget elementor-widget-image\" data-id=\"aa351cc\" data-element_type=\"widget\" data-e-type=\"widget\" data-settings=\"{&quot;_transform_scale_effect_hover&quot;:{&quot;unit&quot;:&quot;px&quot;,&quot;size&quot;:1.1000000000000001,&quot;sizes&quot;:[]},&quot;_transform_scaleX_effect&quot;:{&quot;unit&quot;:&quot;px&quot;,&quot;size&quot;:&quot;&quot;,&quot;sizes&quot;:[]},&quot;_transform_scaleX_effect_tablet&quot;:{&quot;unit&quot;:&quot;px&quot;,&quot;size&quot;:&quot;&quot;,&quot;sizes&quot;:[]},&quot;_transform_scaleX_effect_mobile&quot;:{&quot;unit&quot;:&quot;px&quot;,&quot;size&quot;:&quot;&quot;,&quot;sizes&quot;:[]},&quot;_transform_scaleY_effect&quot;:{&quot;unit&quot;:&quot;px&quot;,&quot;size&quot;:&quot;&quot;,&quot;sizes&quot;:[]},&quot;_transform_scaleY_effect_tablet&quot;:{&quot;unit&quot;:&quot;px&quot;,&quot;size&quot;:&quot;&quot;,&quot;sizes&quot;:[]},&quot;_transform_scaleY_effect_mobile&quot;:{&quot;unit&quot;:&quot;px&quot;,&quot;size&quot;:&quot;&quot;,&quot;sizes&quot;:[]},&quot;_transform_scale_effect_hover_tablet&quot;:{&quot;unit&quot;:&quot;px&quot;,&quot;size&quot;:&quot;&quot;,&quot;sizes&quot;:[]},&quot;_transform_scale_effect_hover_mobile&quot;:{&quot;unit&quot;:&quot;px&quot;,&quot;size&quot;:&quot;&quot;,&quot;sizes&quot;:[]}}\" data-widget_type=\"image.default\">\n\t\t\t\t<div class=\"elementor-widget-container\">\n\t\t\t\t\t\t\t\t\t\t\t\t\t\t\t\t<a href=\"https:\/\/blublube.com\/suspension-fluid\/\">\n\t\t\t\t\t\t\t<img fetchpriority=\"high\" decoding=\"async\" width=\"800\" height=\"800\" src=\"https:\/\/blublube.com\/wp-content\/uploads\/2024\/11\/SUSPENSION-FLUID-1-1024x1024.webp\" class=\"attachment-large size-large wp-image-33740\" alt=\"Suspension fluid\" srcset=\"https:\/\/blublube.com\/wp-content\/uploads\/2024\/11\/SUSPENSION-FLUID-1-1024x1024.webp 1024w, https:\/\/blublube.com\/wp-content\/uploads\/2024\/11\/SUSPENSION-FLUID-1-300x300.webp 300w, https:\/\/blublube.com\/wp-content\/uploads\/2024\/11\/SUSPENSION-FLUID-1-150x150.webp 150w, https:\/\/blublube.com\/wp-content\/uploads\/2024\/11\/SUSPENSION-FLUID-1-768x768.webp 768w, https:\/\/blublube.com\/wp-content\/uploads\/2024\/11\/SUSPENSION-FLUID-1.webp 1500w\" sizes=\"(max-width: 800px) 100vw, 800px\" \/>\t\t\t\t\t\t\t\t<\/a>\n\t\t\t\t\t\t\t\t\t\t\t\t\t\t\t<\/div>\n\t\t\t\t<\/div>\n\t\t\t\t\t<\/div>\n\t\t<\/div>\n\t\t\t\t<div class=\"elementor-column elementor-col-25 elementor-top-column elementor-element elementor-element-90be44b\" data-id=\"90be44b\" data-element_type=\"column\" data-e-type=\"column\">\n\t\t\t<div class=\"elementor-widget-wrap elementor-element-populated\">\n\t\t\t\t\t\t<div class=\"elementor-element elementor-element-9ce5941 elementor-widget elementor-widget-text-editor\" data-id=\"9ce5941\" data-element_type=\"widget\" data-e-type=\"widget\" data-widget_type=\"text-editor.default\">\n\t\t\t\t<div class=\"elementor-widget-container\">\n\t\t\t\t\t\t\t\t\t<p class=\"p1\"><strong>Previene la fricci\u00f3n <\/strong> y la p\u00e9rdida de viscosidad.<\/p>\n\t\t\t\t\t\t\t\t<\/div>\n\t\t\t\t<\/div>\n\t\t\t\t\t<\/div>\n\t\t<\/div>\n\t\t\t\t<div class=\"elementor-column elementor-col-25 elementor-top-column elementor-element elementor-element-b461f9d\" data-id=\"b461f9d\" data-element_type=\"column\" data-e-type=\"column\">\n\t\t\t<div class=\"elementor-widget-wrap elementor-element-populated\">\n\t\t\t\t\t\t<div class=\"elementor-element elementor-element-15e0714 e-transform elementor-widget elementor-widget-image\" data-id=\"15e0714\" data-element_type=\"widget\" data-e-type=\"widget\" data-settings=\"{&quot;_transform_scale_effect_hover&quot;:{&quot;unit&quot;:&quot;px&quot;,&quot;size&quot;:1.1000000000000001,&quot;sizes&quot;:[]},&quot;_transform_scale_effect_hover_tablet&quot;:{&quot;unit&quot;:&quot;px&quot;,&quot;size&quot;:&quot;&quot;,&quot;sizes&quot;:[]},&quot;_transform_scale_effect_hover_mobile&quot;:{&quot;unit&quot;:&quot;px&quot;,&quot;size&quot;:&quot;&quot;,&quot;sizes&quot;:[]}}\" data-widget_type=\"image.default\">\n\t\t\t\t<div class=\"elementor-widget-container\">\n\t\t\t\t\t\t\t\t\t\t\t\t\t\t\t\t<a href=\"https:\/\/blublube.com\/workshop\/grip-carbon-grease\/\">\n\t\t\t\t\t\t\t<img decoding=\"async\" width=\"800\" height=\"800\" src=\"https:\/\/blublube.com\/wp-content\/uploads\/2024\/11\/GRIP-CARBON-1024x1024.webp\" class=\"attachment-large size-large wp-image-33824\" alt=\"GRIP CARBON\" srcset=\"https:\/\/blublube.com\/wp-content\/uploads\/2024\/11\/GRIP-CARBON-1024x1024.webp 1024w, https:\/\/blublube.com\/wp-content\/uploads\/2024\/11\/GRIP-CARBON-300x300.webp 300w, https:\/\/blublube.com\/wp-content\/uploads\/2024\/11\/GRIP-CARBON-150x150.webp 150w, https:\/\/blublube.com\/wp-content\/uploads\/2024\/11\/GRIP-CARBON-768x768.webp 768w, https:\/\/blublube.com\/wp-content\/uploads\/2024\/11\/GRIP-CARBON.webp 1500w\" sizes=\"(max-width: 800px) 100vw, 800px\" \/>\t\t\t\t\t\t\t\t<\/a>\n\t\t\t\t\t\t\t\t\t\t\t\t\t\t\t<\/div>\n\t\t\t\t<\/div>\n\t\t\t\t\t<\/div>\n\t\t<\/div>\n\t\t\t\t<div class=\"elementor-column elementor-col-25 elementor-top-column elementor-element elementor-element-4c68686\" data-id=\"4c68686\" data-element_type=\"column\" data-e-type=\"column\">\n\t\t\t<div class=\"elementor-widget-wrap elementor-element-populated\">\n\t\t\t\t\t\t<div class=\"elementor-element elementor-element-6187888 elementor-widget elementor-widget-text-editor\" data-id=\"6187888\" data-element_type=\"widget\" data-e-type=\"widget\" data-widget_type=\"text-editor.default\">\n\t\t\t\t<div class=\"elementor-widget-container\">\n\t\t\t\t\t\t\t\t\t<p class=\"p1\">Para <strong>partes de carbono y aluminio.<\/strong><\/p>\t\t\t\t\t\t\t\t<\/div>\n\t\t\t\t<\/div>\n\t\t\t\t\t<\/div>\n\t\t<\/div>\n\t\t\t\t\t<\/div>\n\t\t<\/section>\n\t\t\t\t<section class=\"elementor-section elementor-top-section elementor-element elementor-element-90046c1 elementor-section-content-middle elementor-reverse-tablet elementor-reverse-mobile elementor-section-boxed elementor-section-height-default elementor-section-height-default\" data-id=\"90046c1\" data-element_type=\"section\" data-e-type=\"section\">\n\t\t\t\t\t\t<div class=\"elementor-container elementor-column-gap-default\">\n\t\t\t\t\t<div class=\"elementor-column elementor-col-25 elementor-top-column elementor-element elementor-element-4cef743\" data-id=\"4cef743\" data-element_type=\"column\" data-e-type=\"column\">\n\t\t\t<div class=\"elementor-widget-wrap elementor-element-populated\">\n\t\t\t\t\t\t<div class=\"elementor-element elementor-element-f0bbddb elementor-widget elementor-widget-text-editor\" data-id=\"f0bbddb\" data-element_type=\"widget\" data-e-type=\"widget\" data-widget_type=\"text-editor.default\">\n\t\t\t\t<div class=\"elementor-widget-container\">\n\t\t\t\t\t\t\t\t\t<p class=\"p1\"><strong>Alto poder lubricante<\/strong> con alta protecci\u00f3n contra la corrosi\u00f3n para rodamientos, roscas o cualquier componente m\u00f3vil.<span class=\"Apple-converted-space\"> <\/span><\/p>\n\t\t\t\t\t\t\t\t<\/div>\n\t\t\t\t<\/div>\n\t\t\t\t\t<\/div>\n\t\t<\/div>\n\t\t\t\t<div class=\"elementor-column elementor-col-25 elementor-top-column elementor-element elementor-element-caede57\" data-id=\"caede57\" data-element_type=\"column\" data-e-type=\"column\">\n\t\t\t<div class=\"elementor-widget-wrap elementor-element-populated\">\n\t\t\t\t\t\t<div class=\"elementor-element elementor-element-308d66d e-transform e-transform elementor-widget elementor-widget-image\" data-id=\"308d66d\" data-element_type=\"widget\" data-e-type=\"widget\" data-settings=\"{&quot;_transform_scale_effect_hover&quot;:{&quot;unit&quot;:&quot;px&quot;,&quot;size&quot;:1.1000000000000001,&quot;sizes&quot;:[]},&quot;_transform_scaleX_effect&quot;:{&quot;unit&quot;:&quot;px&quot;,&quot;size&quot;:&quot;&quot;,&quot;sizes&quot;:[]},&quot;_transform_scaleX_effect_tablet&quot;:{&quot;unit&quot;:&quot;px&quot;,&quot;size&quot;:&quot;&quot;,&quot;sizes&quot;:[]},&quot;_transform_scaleX_effect_mobile&quot;:{&quot;unit&quot;:&quot;px&quot;,&quot;size&quot;:&quot;&quot;,&quot;sizes&quot;:[]},&quot;_transform_scaleY_effect&quot;:{&quot;unit&quot;:&quot;px&quot;,&quot;size&quot;:&quot;&quot;,&quot;sizes&quot;:[]},&quot;_transform_scaleY_effect_tablet&quot;:{&quot;unit&quot;:&quot;px&quot;,&quot;size&quot;:&quot;&quot;,&quot;sizes&quot;:[]},&quot;_transform_scaleY_effect_mobile&quot;:{&quot;unit&quot;:&quot;px&quot;,&quot;size&quot;:&quot;&quot;,&quot;sizes&quot;:[]},&quot;_transform_scale_effect_hover_tablet&quot;:{&quot;unit&quot;:&quot;px&quot;,&quot;size&quot;:&quot;&quot;,&quot;sizes&quot;:[]},&quot;_transform_scale_effect_hover_mobile&quot;:{&quot;unit&quot;:&quot;px&quot;,&quot;size&quot;:&quot;&quot;,&quot;sizes&quot;:[]}}\" data-widget_type=\"image.default\">\n\t\t\t\t<div class=\"elementor-widget-container\">\n\t\t\t\t\t\t\t\t\t\t\t\t\t\t\t\t<a href=\"https:\/\/blublube.com\/workshop\/lithium-grease\/\">\n\t\t\t\t\t\t\t<img decoding=\"async\" width=\"800\" height=\"800\" src=\"https:\/\/blublube.com\/wp-content\/uploads\/2022\/07\/PAG_34-LITHIUM-GREASE_RGB_LR-1024x1024.jpg\" class=\"attachment-large size-large wp-image-29356\" alt=\"LITHIUM GREASE\" srcset=\"https:\/\/blublube.com\/wp-content\/uploads\/2022\/07\/PAG_34-LITHIUM-GREASE_RGB_LR-1024x1024.jpg 1024w, https:\/\/blublube.com\/wp-content\/uploads\/2022\/07\/PAG_34-LITHIUM-GREASE_RGB_LR-300x300.jpg 300w, https:\/\/blublube.com\/wp-content\/uploads\/2022\/07\/PAG_34-LITHIUM-GREASE_RGB_LR-150x150.jpg 150w, https:\/\/blublube.com\/wp-content\/uploads\/2022\/07\/PAG_34-LITHIUM-GREASE_RGB_LR-768x768.jpg 768w, https:\/\/blublube.com\/wp-content\/uploads\/2022\/07\/PAG_34-LITHIUM-GREASE_RGB_LR-24x24.jpg 24w, https:\/\/blublube.com\/wp-content\/uploads\/2022\/07\/PAG_34-LITHIUM-GREASE_RGB_LR-36x36.jpg 36w, https:\/\/blublube.com\/wp-content\/uploads\/2022\/07\/PAG_34-LITHIUM-GREASE_RGB_LR-48x48.jpg 48w, https:\/\/blublube.com\/wp-content\/uploads\/2022\/07\/PAG_34-LITHIUM-GREASE_RGB_LR.jpg 1500w\" sizes=\"(max-width: 800px) 100vw, 800px\" \/>\t\t\t\t\t\t\t\t<\/a>\n\t\t\t\t\t\t\t\t\t\t\t\t\t\t\t<\/div>\n\t\t\t\t<\/div>\n\t\t\t\t\t<\/div>\n\t\t<\/div>\n\t\t\t\t<div class=\"elementor-column elementor-col-25 elementor-top-column elementor-element elementor-element-0660eff elementor-hidden-tablet elementor-hidden-mobile\" data-id=\"0660eff\" data-element_type=\"column\" data-e-type=\"column\">\n\t\t\t<div class=\"elementor-widget-wrap\">\n\t\t\t\t\t\t\t<\/div>\n\t\t<\/div>\n\t\t\t\t<div class=\"elementor-column elementor-col-25 elementor-top-column elementor-element elementor-element-60d8f8d elementor-hidden-tablet elementor-hidden-mobile\" data-id=\"60d8f8d\" data-element_type=\"column\" data-e-type=\"column\">\n\t\t\t<div class=\"elementor-widget-wrap\">\n\t\t\t\t\t\t\t<\/div>\n\t\t<\/div>\n\t\t\t\t\t<\/div>\n\t\t<\/section>\n\t\t\t\t<\/div>\n\t\t","protected":false},"excerpt":{"rendered":"<p>Workshop Previene la fricci\u00f3n y la p\u00e9rdida de viscosidad. Para partes de carbono y aluminio. Alto poder lubricante con alta protecci\u00f3n contra la corrosi\u00f3n para rodamientos, roscas o cualquier componente m\u00f3vil.<\/p>\n","protected":false},"author":1,"featured_media":0,"parent":0,"menu_order":0,"comment_status":"closed","ping_status":"closed","template":"elementor_header_footer","meta":{"footnotes":""},"class_list":["post-33068","page","type-page","status-publish","hentry"],"yoast_head":"<!-- This site is optimized with the Yoast SEO plugin v27.5 - https:\/\/yoast.com\/product\/yoast-seo-wordpress\/ -->\n<title>Workshop - Blub<\/title>\n<meta name=\"robots\" content=\"index, follow, max-snippet:-1, max-image-preview:large, max-video-preview:-1\" \/>\n<link rel=\"canonical\" href=\"https:\/\/blublube.com\/es\/workshop\/\" \/>\n<meta property=\"og:locale\" content=\"es_ES\" \/>\n<meta property=\"og:type\" content=\"article\" \/>\n<meta property=\"og:title\" content=\"Workshop - Blub\" \/>\n<meta property=\"og:description\" content=\"Workshop Previene la fricci\u00f3n y la p\u00e9rdida de viscosidad. Para partes de carbono y aluminio. Alto poder lubricante con alta protecci\u00f3n contra la corrosi\u00f3n para rodamientos, roscas o cualquier componente m\u00f3vil.\" \/>\n<meta property=\"og:url\" content=\"https:\/\/blublube.com\/es\/workshop\/\" \/>\n<meta property=\"og:site_name\" content=\"Blub\" \/>\n<meta property=\"article:publisher\" content=\"https:\/\/www.facebook.com\/Blublube\" \/>\n<meta property=\"article:modified_time\" content=\"2026-03-19T11:14:21+00:00\" \/>\n<meta property=\"og:image\" content=\"https:\/\/blublube.com\/wp-content\/uploads\/2024\/11\/SUSPENSION-FLUID-1.webp\" \/>\n\t<meta property=\"og:image:width\" content=\"1500\" \/>\n\t<meta property=\"og:image:height\" content=\"1500\" \/>\n\t<meta property=\"og:image:type\" content=\"image\/webp\" \/>\n<meta name=\"twitter:card\" content=\"summary_large_image\" \/>\n<meta name=\"twitter:label1\" content=\"Tiempo de lectura\" \/>\n\t<meta name=\"twitter:data1\" content=\"1 minuto\" \/>\n<script type=\"application\/ld+json\" class=\"yoast-schema-graph\">{\"@context\":\"https:\\\/\\\/schema.org\",\"@graph\":[{\"@type\":\"WebPage\",\"@id\":\"https:\\\/\\\/blublube.com\\\/es\\\/workshop\\\/\",\"url\":\"https:\\\/\\\/blublube.com\\\/es\\\/workshop\\\/\",\"name\":\"Workshop - Blub\",\"isPartOf\":{\"@id\":\"https:\\\/\\\/blublube.com\\\/#website\"},\"primaryImageOfPage\":{\"@id\":\"https:\\\/\\\/blublube.com\\\/es\\\/workshop\\\/#primaryimage\"},\"image\":{\"@id\":\"https:\\\/\\\/blublube.com\\\/es\\\/workshop\\\/#primaryimage\"},\"thumbnailUrl\":\"https:\\\/\\\/blublube.com\\\/wp-content\\\/uploads\\\/2024\\\/11\\\/SUSPENSION-FLUID-1-1024x1024.webp\",\"datePublished\":\"2024-07-17T11:41:43+00:00\",\"dateModified\":\"2026-03-19T11:14:21+00:00\",\"breadcrumb\":{\"@id\":\"https:\\\/\\\/blublube.com\\\/es\\\/workshop\\\/#breadcrumb\"},\"inLanguage\":\"es\",\"potentialAction\":[{\"@type\":\"ReadAction\",\"target\":[\"https:\\\/\\\/blublube.com\\\/es\\\/workshop\\\/\"]}]},{\"@type\":\"ImageObject\",\"inLanguage\":\"es\",\"@id\":\"https:\\\/\\\/blublube.com\\\/es\\\/workshop\\\/#primaryimage\",\"url\":\"https:\\\/\\\/blublube.com\\\/wp-content\\\/uploads\\\/2024\\\/11\\\/SUSPENSION-FLUID-1-1024x1024.webp\",\"contentUrl\":\"https:\\\/\\\/blublube.com\\\/wp-content\\\/uploads\\\/2024\\\/11\\\/SUSPENSION-FLUID-1-1024x1024.webp\"},{\"@type\":\"BreadcrumbList\",\"@id\":\"https:\\\/\\\/blublube.com\\\/es\\\/workshop\\\/#breadcrumb\",\"itemListElement\":[{\"@type\":\"ListItem\",\"position\":1,\"name\":\"Home\",\"item\":\"https:\\\/\\\/blublube.com\\\/es\\\/blub-lube\\\/\"},{\"@type\":\"ListItem\",\"position\":2,\"name\":\"Workshop\"}]},{\"@type\":\"WebSite\",\"@id\":\"https:\\\/\\\/blublube.com\\\/#website\",\"url\":\"https:\\\/\\\/blublube.com\\\/\",\"name\":\"Blub\",\"description\":\"El mejor cuidado para tu bicicleta\",\"publisher\":{\"@id\":\"https:\\\/\\\/blublube.com\\\/#organization\"},\"potentialAction\":[{\"@type\":\"SearchAction\",\"target\":{\"@type\":\"EntryPoint\",\"urlTemplate\":\"https:\\\/\\\/blublube.com\\\/?s={search_term_string}\"},\"query-input\":{\"@type\":\"PropertyValueSpecification\",\"valueRequired\":true,\"valueName\":\"search_term_string\"}}],\"inLanguage\":\"es\"},{\"@type\":\"Organization\",\"@id\":\"https:\\\/\\\/blublube.com\\\/#organization\",\"name\":\"Blub\",\"url\":\"https:\\\/\\\/blublube.com\\\/\",\"logo\":{\"@type\":\"ImageObject\",\"inLanguage\":\"es\",\"@id\":\"https:\\\/\\\/blublube.com\\\/#\\\/schema\\\/logo\\\/image\\\/\",\"url\":\"https:\\\/\\\/blublube.com\\\/wp-content\\\/uploads\\\/2024\\\/11\\\/BLUB-LOGO-Website.png\",\"contentUrl\":\"https:\\\/\\\/blublube.com\\\/wp-content\\\/uploads\\\/2024\\\/11\\\/BLUB-LOGO-Website.png\",\"width\":250,\"height\":164,\"caption\":\"Blub\"},\"image\":{\"@id\":\"https:\\\/\\\/blublube.com\\\/#\\\/schema\\\/logo\\\/image\\\/\"},\"sameAs\":[\"https:\\\/\\\/www.facebook.com\\\/Blublube\",\"https:\\\/\\\/www.instagram.com\\\/blub_lube\\\/\",\"https:\\\/\\\/www.youtube.com\\\/@blublube1958\"]}]}<\/script>\n<!-- \/ Yoast SEO plugin. -->","yoast_head_json":{"title":"Workshop - Blub","robots":{"index":"index","follow":"follow","max-snippet":"max-snippet:-1","max-image-preview":"max-image-preview:large","max-video-preview":"max-video-preview:-1"},"canonical":"https:\/\/blublube.com\/es\/workshop\/","og_locale":"es_ES","og_type":"article","og_title":"Workshop - Blub","og_description":"Workshop Previene la fricci\u00f3n y la p\u00e9rdida de viscosidad. Para partes de carbono y aluminio. Alto poder lubricante con alta protecci\u00f3n contra la corrosi\u00f3n para rodamientos, roscas o cualquier componente m\u00f3vil.","og_url":"https:\/\/blublube.com\/es\/workshop\/","og_site_name":"Blub","article_publisher":"https:\/\/www.facebook.com\/Blublube","article_modified_time":"2026-03-19T11:14:21+00:00","og_image":[{"width":1500,"height":1500,"url":"https:\/\/blublube.com\/wp-content\/uploads\/2024\/11\/SUSPENSION-FLUID-1.webp","type":"image\/webp"}],"twitter_card":"summary_large_image","twitter_misc":{"Tiempo de lectura":"1 minuto"},"schema":{"@context":"https:\/\/schema.org","@graph":[{"@type":"WebPage","@id":"https:\/\/blublube.com\/es\/workshop\/","url":"https:\/\/blublube.com\/es\/workshop\/","name":"Workshop - Blub","isPartOf":{"@id":"https:\/\/blublube.com\/#website"},"primaryImageOfPage":{"@id":"https:\/\/blublube.com\/es\/workshop\/#primaryimage"},"image":{"@id":"https:\/\/blublube.com\/es\/workshop\/#primaryimage"},"thumbnailUrl":"https:\/\/blublube.com\/wp-content\/uploads\/2024\/11\/SUSPENSION-FLUID-1-1024x1024.webp","datePublished":"2024-07-17T11:41:43+00:00","dateModified":"2026-03-19T11:14:21+00:00","breadcrumb":{"@id":"https:\/\/blublube.com\/es\/workshop\/#breadcrumb"},"inLanguage":"es","potentialAction":[{"@type":"ReadAction","target":["https:\/\/blublube.com\/es\/workshop\/"]}]},{"@type":"ImageObject","inLanguage":"es","@id":"https:\/\/blublube.com\/es\/workshop\/#primaryimage","url":"https:\/\/blublube.com\/wp-content\/uploads\/2024\/11\/SUSPENSION-FLUID-1-1024x1024.webp","contentUrl":"https:\/\/blublube.com\/wp-content\/uploads\/2024\/11\/SUSPENSION-FLUID-1-1024x1024.webp"},{"@type":"BreadcrumbList","@id":"https:\/\/blublube.com\/es\/workshop\/#breadcrumb","itemListElement":[{"@type":"ListItem","position":1,"name":"Home","item":"https:\/\/blublube.com\/es\/blub-lube\/"},{"@type":"ListItem","position":2,"name":"Workshop"}]},{"@type":"WebSite","@id":"https:\/\/blublube.com\/#website","url":"https:\/\/blublube.com\/","name":"Blub","description":"El mejor cuidado para tu bicicleta","publisher":{"@id":"https:\/\/blublube.com\/#organization"},"potentialAction":[{"@type":"SearchAction","target":{"@type":"EntryPoint","urlTemplate":"https:\/\/blublube.com\/?s={search_term_string}"},"query-input":{"@type":"PropertyValueSpecification","valueRequired":true,"valueName":"search_term_string"}}],"inLanguage":"es"},{"@type":"Organization","@id":"https:\/\/blublube.com\/#organization","name":"Blub","url":"https:\/\/blublube.com\/","logo":{"@type":"ImageObject","inLanguage":"es","@id":"https:\/\/blublube.com\/#\/schema\/logo\/image\/","url":"https:\/\/blublube.com\/wp-content\/uploads\/2024\/11\/BLUB-LOGO-Website.png","contentUrl":"https:\/\/blublube.com\/wp-content\/uploads\/2024\/11\/BLUB-LOGO-Website.png","width":250,"height":164,"caption":"Blub"},"image":{"@id":"https:\/\/blublube.com\/#\/schema\/logo\/image\/"},"sameAs":["https:\/\/www.facebook.com\/Blublube","https:\/\/www.instagram.com\/blub_lube\/","https:\/\/www.youtube.com\/@blublube1958"]}]}},"_links":{"self":[{"href":"https:\/\/blublube.com\/es\/wp-json\/wp\/v2\/pages\/33068","targetHints":{"allow":["GET"]}}],"collection":[{"href":"https:\/\/blublube.com\/es\/wp-json\/wp\/v2\/pages"}],"about":[{"href":"https:\/\/blublube.com\/es\/wp-json\/wp\/v2\/types\/page"}],"author":[{"embeddable":true,"href":"https:\/\/blublube.com\/es\/wp-json\/wp\/v2\/users\/1"}],"replies":[{"embeddable":true,"href":"https:\/\/blublube.com\/es\/wp-json\/wp\/v2\/comments?post=33068"}],"version-history":[{"count":42,"href":"https:\/\/blublube.com\/es\/wp-json\/wp\/v2\/pages\/33068\/revisions"}],"predecessor-version":[{"id":34574,"href":"https:\/\/blublube.com\/es\/wp-json\/wp\/v2\/pages\/33068\/revisions\/34574"}],"wp:attachment":[{"href":"https:\/\/blublube.com\/es\/wp-json\/wp\/v2\/media?parent=33068"}],"curies":[{"name":"wp","href":"https:\/\/api.w.org\/{rel}","templated":true}]}}