{"id":30429,"date":"2022-12-03T02:55:36","date_gmt":"2022-12-03T01:55:36","guid":{"rendered":"https:\/\/blublube.com\/eco-way\/"},"modified":"2024-05-24T09:52:31","modified_gmt":"2024-05-24T08:52:31","slug":"eco-way","status":"publish","type":"page","link":"https:\/\/blublube.com\/es\/eco-way\/","title":{"rendered":"Eco Way"},"content":{"rendered":"\t\t<div data-elementor-type=\"wp-page\" data-elementor-id=\"30429\" class=\"elementor elementor-30429 elementor-30017\" data-elementor-post-type=\"page\">\n\t\t\t\t\t\t<section class=\"elementor-section elementor-top-section elementor-element elementor-element-63eb178f elementor-section-full_width elementor-section-height-min-height elementor-section-stretched elementor-section-height-default elementor-section-items-middle\" data-id=\"63eb178f\" data-element_type=\"section\" data-e-type=\"section\" data-settings=\"{&quot;stretch_section&quot;:&quot;section-stretched&quot;,&quot;background_background&quot;:&quot;classic&quot;}\">\n\t\t\t\t\t\t\t<div class=\"elementor-background-overlay\"><\/div>\n\t\t\t\t\t\t\t<div class=\"elementor-container elementor-column-gap-default\">\n\t\t\t\t\t<div class=\"elementor-column elementor-col-100 elementor-top-column elementor-element elementor-element-2596e4da\" data-id=\"2596e4da\" data-element_type=\"column\" data-e-type=\"column\">\n\t\t\t<div class=\"elementor-widget-wrap elementor-element-populated\">\n\t\t\t\t\t\t<div class=\"elementor-element elementor-element-258abccf elementor-widget elementor-widget-heading\" data-id=\"258abccf\" data-element_type=\"widget\" data-e-type=\"widget\" data-widget_type=\"heading.default\">\n\t\t\t\t<div class=\"elementor-widget-container\">\n\t\t\t\t\t<h2 class=\"elementor-heading-title elementor-size-default\">ECO WAY<\/h2>\t\t\t\t<\/div>\n\t\t\t\t<\/div>\n\t\t\t\t\t<\/div>\n\t\t<\/div>\n\t\t\t\t\t<\/div>\n\t\t<\/section>\n\t\t\t\t<section class=\"elementor-section elementor-top-section elementor-element elementor-element-ead62af elementor-section-boxed elementor-section-height-default elementor-section-height-default\" data-id=\"ead62af\" data-element_type=\"section\" data-e-type=\"section\">\n\t\t\t\t\t\t<div class=\"elementor-container elementor-column-gap-default\">\n\t\t\t\t\t<div class=\"elementor-column elementor-col-100 elementor-top-column elementor-element elementor-element-d79c617\" data-id=\"d79c617\" data-element_type=\"column\" data-e-type=\"column\">\n\t\t\t<div class=\"elementor-widget-wrap elementor-element-populated\">\n\t\t\t\t\t\t<div class=\"elementor-element elementor-element-1d261e5 elementor-widget elementor-widget-heading\" data-id=\"1d261e5\" data-element_type=\"widget\" data-e-type=\"widget\" data-widget_type=\"heading.default\">\n\t\t\t\t<div class=\"elementor-widget-container\">\n\t\t\t\t\t<h2 class=\"elementor-heading-title elementor-size-default\">RESPETA EL MEDIO AMBIENTE Y RECICLA<\/h2>\t\t\t\t<\/div>\n\t\t\t\t<\/div>\n\t\t\t\t<div class=\"elementor-element elementor-element-54e6baa elementor-widget elementor-widget-text-editor\" data-id=\"54e6baa\" data-element_type=\"widget\" data-e-type=\"widget\" data-widget_type=\"text-editor.default\">\n\t\t\t\t<div class=\"elementor-widget-container\">\n\t\t\t\t\t\t\t\t\t<p>Para nosotros es muy importante cuidar el medio ambiente, la naturaleza, el paisaje hace que disfrutes del viaje y lo recuerdes siempre. Nuestro compromiso se basa en crear soluciones biodegradables que ofrezcan un conjunto de productos ecol\u00f3gicos con la m\u00e1s alta calidad. La gran mayor\u00eda de nuestras botellas son recicladas y ninguna de ellas ha sido probada en animales. Todas nuestras ceras, son productos 100% biodegradables, as\u00ed como algunos de los limpiadores. Cada a\u00f1o trabajamos en mejorar todos los productos para convertirlos en materiales totalmente ecofriendlies. Creemos que cuidar todo lo que nos rodea es una tarea fundamental para seguir pedaleando en las mejores condiciones y seguir disfrutando de la monta\u00f1a al m\u00e1s alto nivel. Devolvamos a la naturaleza todo lo que nos ofrece.<\/p>\n<div id=\"pageContainer2\" class=\"_page_1gl8y_100 \" data-index=\"1\"> <\/div>\n\t\t\t\t\t\t\t\t<\/div>\n\t\t\t\t<\/div>\n\t\t\t\t\t<\/div>\n\t\t<\/div>\n\t\t\t\t\t<\/div>\n\t\t<\/section>\n\t\t\t\t<\/div>\n\t\t","protected":false},"excerpt":{"rendered":"<p>ECO WAY RESPETA EL MEDIO AMBIENTE Y RECICLA Para nosotros es muy importante cuidar el medio ambiente, la naturaleza, el paisaje hace que disfrutes del viaje y lo recuerdes siempre. Nuestro compromiso se basa en crear soluciones biodegradables que ofrezcan un conjunto de productos ecol\u00f3gicos con la m\u00e1s alta calidad. La gran mayor\u00eda de nuestras [&hellip;]<\/p>\n","protected":false},"author":1,"featured_media":0,"parent":0,"menu_order":0,"comment_status":"closed","ping_status":"closed","template":"elementor_header_footer","meta":{"footnotes":""},"class_list":["post-30429","page","type-page","status-publish","hentry"],"yoast_head":"<!-- This site is optimized with the Yoast SEO plugin v27.2 - https:\/\/yoast.com\/product\/yoast-seo-wordpress\/ -->\n<title>Eco Way - Blub<\/title>\n<meta name=\"robots\" content=\"index, follow, max-snippet:-1, max-image-preview:large, max-video-preview:-1\" \/>\n<link rel=\"canonical\" href=\"https:\/\/blublube.com\/eco-way\/\" \/>\n<meta property=\"og:locale\" content=\"es_ES\" \/>\n<meta property=\"og:type\" content=\"article\" \/>\n<meta property=\"og:title\" content=\"Eco Way - Blub\" \/>\n<meta property=\"og:description\" content=\"ECO WAY RESPETA EL MEDIO AMBIENTE Y RECICLA Para nosotros es muy importante cuidar el medio ambiente, la naturaleza, el paisaje hace que disfrutes del viaje y lo recuerdes siempre. Nuestro compromiso se basa en crear soluciones biodegradables que ofrezcan un conjunto de productos ecol\u00f3gicos con la m\u00e1s alta calidad. La gran mayor\u00eda de nuestras [&hellip;]\" \/>\n<meta property=\"og:url\" content=\"https:\/\/blublube.com\/eco-way\/\" \/>\n<meta property=\"og:site_name\" content=\"Blub\" \/>\n<meta property=\"article:publisher\" content=\"https:\/\/www.facebook.com\/Blublube\" \/>\n<meta property=\"article:modified_time\" content=\"2024-05-24T08:52:31+00:00\" \/>\n<meta property=\"og:image\" content=\"https:\/\/blublube.com\/wp-content\/uploads\/2019\/12\/Twitter_2.png\" \/>\n\t<meta property=\"og:image:width\" content=\"1667\" \/>\n\t<meta property=\"og:image:height\" content=\"1667\" \/>\n\t<meta property=\"og:image:type\" content=\"image\/png\" \/>\n<meta name=\"twitter:card\" content=\"summary_large_image\" \/>\n<meta name=\"twitter:label1\" content=\"Tiempo de lectura\" \/>\n\t<meta name=\"twitter:data1\" content=\"1 minuto\" \/>\n<script type=\"application\/ld+json\" class=\"yoast-schema-graph\">{\"@context\":\"https:\/\/schema.org\",\"@graph\":[{\"@type\":\"WebPage\",\"@id\":\"https:\/\/blublube.com\/eco-way\/\",\"url\":\"https:\/\/blublube.com\/eco-way\/\",\"name\":\"Eco Way - Blub\",\"isPartOf\":{\"@id\":\"https:\/\/blublube.com\/#website\"},\"datePublished\":\"2022-12-03T01:55:36+00:00\",\"dateModified\":\"2024-05-24T08:52:31+00:00\",\"breadcrumb\":{\"@id\":\"https:\/\/blublube.com\/eco-way\/#breadcrumb\"},\"inLanguage\":\"es\",\"potentialAction\":[{\"@type\":\"ReadAction\",\"target\":[\"https:\/\/blublube.com\/eco-way\/\"]}]},{\"@type\":\"BreadcrumbList\",\"@id\":\"https:\/\/blublube.com\/eco-way\/#breadcrumb\",\"itemListElement\":[{\"@type\":\"ListItem\",\"position\":1,\"name\":\"Home\",\"item\":\"https:\/\/blublube.com\/es\/blub-lube\/\"},{\"@type\":\"ListItem\",\"position\":2,\"name\":\"Eco Way\"}]},{\"@type\":\"WebSite\",\"@id\":\"https:\/\/blublube.com\/#website\",\"url\":\"https:\/\/blublube.com\/\",\"name\":\"Blub\",\"description\":\"El mejor cuidado para tu bicicleta\",\"publisher\":{\"@id\":\"https:\/\/blublube.com\/#organization\"},\"potentialAction\":[{\"@type\":\"SearchAction\",\"target\":{\"@type\":\"EntryPoint\",\"urlTemplate\":\"https:\/\/blublube.com\/?s={search_term_string}\"},\"query-input\":{\"@type\":\"PropertyValueSpecification\",\"valueRequired\":true,\"valueName\":\"search_term_string\"}}],\"inLanguage\":\"es\"},{\"@type\":\"Organization\",\"@id\":\"https:\/\/blublube.com\/#organization\",\"name\":\"Blub\",\"url\":\"https:\/\/blublube.com\/\",\"logo\":{\"@type\":\"ImageObject\",\"inLanguage\":\"es\",\"@id\":\"https:\/\/blublube.com\/#\/schema\/logo\/image\/\",\"url\":\"https:\/\/blublube.com\/wp-content\/uploads\/2024\/11\/BLUB-LOGO-Website.png\",\"contentUrl\":\"https:\/\/blublube.com\/wp-content\/uploads\/2024\/11\/BLUB-LOGO-Website.png\",\"width\":250,\"height\":164,\"caption\":\"Blub\"},\"image\":{\"@id\":\"https:\/\/blublube.com\/#\/schema\/logo\/image\/\"},\"sameAs\":[\"https:\/\/www.facebook.com\/Blublube\",\"https:\/\/www.instagram.com\/blub_lube\/\",\"https:\/\/www.youtube.com\/@blublube1958\"]}]}<\/script>\n<!-- \/ Yoast SEO plugin. -->","yoast_head_json":{"title":"Eco Way - Blub","robots":{"index":"index","follow":"follow","max-snippet":"max-snippet:-1","max-image-preview":"max-image-preview:large","max-video-preview":"max-video-preview:-1"},"canonical":"https:\/\/blublube.com\/eco-way\/","og_locale":"es_ES","og_type":"article","og_title":"Eco Way - Blub","og_description":"ECO WAY RESPETA EL MEDIO AMBIENTE Y RECICLA Para nosotros es muy importante cuidar el medio ambiente, la naturaleza, el paisaje hace que disfrutes del viaje y lo recuerdes siempre. Nuestro compromiso se basa en crear soluciones biodegradables que ofrezcan un conjunto de productos ecol\u00f3gicos con la m\u00e1s alta calidad. La gran mayor\u00eda de nuestras [&hellip;]","og_url":"https:\/\/blublube.com\/eco-way\/","og_site_name":"Blub","article_publisher":"https:\/\/www.facebook.com\/Blublube","article_modified_time":"2024-05-24T08:52:31+00:00","og_image":[{"width":1667,"height":1667,"url":"https:\/\/blublube.com\/wp-content\/uploads\/2019\/12\/Twitter_2.png","type":"image\/png"}],"twitter_card":"summary_large_image","twitter_misc":{"Tiempo de lectura":"1 minuto"},"schema":{"@context":"https:\/\/schema.org","@graph":[{"@type":"WebPage","@id":"https:\/\/blublube.com\/eco-way\/","url":"https:\/\/blublube.com\/eco-way\/","name":"Eco Way - Blub","isPartOf":{"@id":"https:\/\/blublube.com\/#website"},"datePublished":"2022-12-03T01:55:36+00:00","dateModified":"2024-05-24T08:52:31+00:00","breadcrumb":{"@id":"https:\/\/blublube.com\/eco-way\/#breadcrumb"},"inLanguage":"es","potentialAction":[{"@type":"ReadAction","target":["https:\/\/blublube.com\/eco-way\/"]}]},{"@type":"BreadcrumbList","@id":"https:\/\/blublube.com\/eco-way\/#breadcrumb","itemListElement":[{"@type":"ListItem","position":1,"name":"Home","item":"https:\/\/blublube.com\/es\/blub-lube\/"},{"@type":"ListItem","position":2,"name":"Eco Way"}]},{"@type":"WebSite","@id":"https:\/\/blublube.com\/#website","url":"https:\/\/blublube.com\/","name":"Blub","description":"El mejor cuidado para tu bicicleta","publisher":{"@id":"https:\/\/blublube.com\/#organization"},"potentialAction":[{"@type":"SearchAction","target":{"@type":"EntryPoint","urlTemplate":"https:\/\/blublube.com\/?s={search_term_string}"},"query-input":{"@type":"PropertyValueSpecification","valueRequired":true,"valueName":"search_term_string"}}],"inLanguage":"es"},{"@type":"Organization","@id":"https:\/\/blublube.com\/#organization","name":"Blub","url":"https:\/\/blublube.com\/","logo":{"@type":"ImageObject","inLanguage":"es","@id":"https:\/\/blublube.com\/#\/schema\/logo\/image\/","url":"https:\/\/blublube.com\/wp-content\/uploads\/2024\/11\/BLUB-LOGO-Website.png","contentUrl":"https:\/\/blublube.com\/wp-content\/uploads\/2024\/11\/BLUB-LOGO-Website.png","width":250,"height":164,"caption":"Blub"},"image":{"@id":"https:\/\/blublube.com\/#\/schema\/logo\/image\/"},"sameAs":["https:\/\/www.facebook.com\/Blublube","https:\/\/www.instagram.com\/blub_lube\/","https:\/\/www.youtube.com\/@blublube1958"]}]}},"_links":{"self":[{"href":"https:\/\/blublube.com\/es\/wp-json\/wp\/v2\/pages\/30429","targetHints":{"allow":["GET"]}}],"collection":[{"href":"https:\/\/blublube.com\/es\/wp-json\/wp\/v2\/pages"}],"about":[{"href":"https:\/\/blublube.com\/es\/wp-json\/wp\/v2\/types\/page"}],"author":[{"embeddable":true,"href":"https:\/\/blublube.com\/es\/wp-json\/wp\/v2\/users\/1"}],"replies":[{"embeddable":true,"href":"https:\/\/blublube.com\/es\/wp-json\/wp\/v2\/comments?post=30429"}],"version-history":[{"count":4,"href":"https:\/\/blublube.com\/es\/wp-json\/wp\/v2\/pages\/30429\/revisions"}],"predecessor-version":[{"id":32690,"href":"https:\/\/blublube.com\/es\/wp-json\/wp\/v2\/pages\/30429\/revisions\/32690"}],"wp:attachment":[{"href":"https:\/\/blublube.com\/es\/wp-json\/wp\/v2\/media?parent=30429"}],"curies":[{"name":"wp","href":"https:\/\/api.w.org\/{rel}","templated":true}]}}