{"id":30427,"date":"2022-12-03T02:54:43","date_gmt":"2022-12-03T01:54:43","guid":{"rendered":"https:\/\/blublube.com\/about-us\/"},"modified":"2024-05-24T09:51:59","modified_gmt":"2024-05-24T08:51:59","slug":"about-us","status":"publish","type":"page","link":"https:\/\/blublube.com\/es\/about-us\/","title":{"rendered":"About us"},"content":{"rendered":"\t\t<div data-elementor-type=\"wp-page\" data-elementor-id=\"30427\" class=\"elementor elementor-30427 elementor-29699\" data-elementor-post-type=\"page\">\n\t\t\t\t\t\t<section class=\"elementor-section elementor-top-section elementor-element elementor-element-63eb178f elementor-section-full_width elementor-section-height-min-height elementor-section-stretched elementor-section-height-default elementor-section-items-middle\" data-id=\"63eb178f\" data-element_type=\"section\" data-e-type=\"section\" data-settings=\"{&quot;stretch_section&quot;:&quot;section-stretched&quot;,&quot;background_background&quot;:&quot;classic&quot;}\">\n\t\t\t\t\t\t\t<div class=\"elementor-background-overlay\"><\/div>\n\t\t\t\t\t\t\t<div class=\"elementor-container elementor-column-gap-default\">\n\t\t\t\t\t<div class=\"elementor-column elementor-col-100 elementor-top-column elementor-element elementor-element-2596e4da\" data-id=\"2596e4da\" data-element_type=\"column\" data-e-type=\"column\">\n\t\t\t<div class=\"elementor-widget-wrap elementor-element-populated\">\n\t\t\t\t\t\t<div class=\"elementor-element elementor-element-258abccf elementor-widget elementor-widget-heading\" data-id=\"258abccf\" data-element_type=\"widget\" data-e-type=\"widget\" data-widget_type=\"heading.default\">\n\t\t\t\t<div class=\"elementor-widget-container\">\n\t\t\t\t\t<h1 class=\"elementor-heading-title elementor-size-default\">ABOUT US<\/h1>\t\t\t\t<\/div>\n\t\t\t\t<\/div>\n\t\t\t\t\t<\/div>\n\t\t<\/div>\n\t\t\t\t\t<\/div>\n\t\t<\/section>\n\t\t\t\t<section class=\"elementor-section elementor-top-section elementor-element elementor-element-ead62af elementor-section-boxed elementor-section-height-default elementor-section-height-default\" data-id=\"ead62af\" data-element_type=\"section\" data-e-type=\"section\">\n\t\t\t\t\t\t<div class=\"elementor-container elementor-column-gap-wide\">\n\t\t\t\t\t<div class=\"elementor-column elementor-col-50 elementor-top-column elementor-element elementor-element-d79c617\" data-id=\"d79c617\" data-element_type=\"column\" data-e-type=\"column\">\n\t\t\t<div class=\"elementor-widget-wrap elementor-element-populated\">\n\t\t\t\t\t\t<div class=\"elementor-element elementor-element-1d261e5 elementor-widget elementor-widget-heading\" data-id=\"1d261e5\" data-element_type=\"widget\" data-e-type=\"widget\" data-widget_type=\"heading.default\">\n\t\t\t\t<div class=\"elementor-widget-container\">\n\t\t\t\t\t<h2 class=\"elementor-heading-title elementor-size-default\">BLUB<\/h2>\t\t\t\t<\/div>\n\t\t\t\t<\/div>\n\t\t\t\t<div class=\"elementor-element elementor-element-54e6baa elementor-widget elementor-widget-text-editor\" data-id=\"54e6baa\" data-element_type=\"widget\" data-e-type=\"widget\" data-widget_type=\"text-editor.default\">\n\t\t\t\t<div class=\"elementor-widget-container\">\n\t\t\t\t\t\t\t\t\t<p>BLUB es una marca que ofrece un conjunto de lubricantes de goteo de todo tipo, productos de limpieza, protecci\u00f3n y sellantes que te permiten pedalear y mantener tu bicicleta en perfectas condiciones.<\/p>\n<p>Para amantes de la bicicleta, profesionales y aficionados de este sector que quieran disfrutar de cada paseo como si fuera el \u00faltimo. Somos inquietos, no descansamos.<\/p>\n<p>Da igual a d\u00f3nde vayas o con qui\u00e9n, si lo usas para ir al trabajo a diario o para hacer carrera con tus amigos, o para competir y conseguir tu m\u00e1ximo rendimiento. Da igual el uso que le des, la bicicleta es pura pasi\u00f3n. Y as\u00ed es, no hay mejor manera de desconectar y darle emoci\u00f3n a tu rutina que salir a pedalear.<\/p>\n<p>As\u00ed empez\u00f3 BLUB. Andar en bicicleta d\u00eda tras d\u00eda, d\u00e1ndonos cuenta de lo importante que es tener un excelente y constante cuidado de la bicicleta. Tu pon la actitud y las ganas, nosotros cuidamos de tu bicicleta para que la tengas al 100%. Que nada te pare. NEVER STOP RIDING!<\/p>\n\t\t\t\t\t\t\t\t<\/div>\n\t\t\t\t<\/div>\n\t\t\t\t\t<\/div>\n\t\t<\/div>\n\t\t\t\t<div class=\"elementor-column elementor-col-50 elementor-top-column elementor-element elementor-element-7bd532b\" data-id=\"7bd532b\" data-element_type=\"column\" data-e-type=\"column\">\n\t\t\t<div class=\"elementor-widget-wrap elementor-element-populated\">\n\t\t\t\t\t\t<div class=\"elementor-element elementor-element-0de38ce elementor-widget elementor-widget-image\" data-id=\"0de38ce\" data-element_type=\"widget\" data-e-type=\"widget\" data-widget_type=\"image.default\">\n\t\t\t\t<div class=\"elementor-widget-container\">\n\t\t\t\t\t\t\t\t\t\t\t\t\t\t\t<img fetchpriority=\"high\" decoding=\"async\" width=\"800\" height=\"534\" src=\"https:\/\/blublube.com\/wp-content\/uploads\/2022\/12\/DSF4115_1-1024x683.jpg\" class=\"attachment-large size-large wp-image-30304\" alt=\"about us Blub\" srcset=\"https:\/\/blublube.com\/wp-content\/uploads\/2022\/12\/DSF4115_1-1024x683.jpg 1024w, https:\/\/blublube.com\/wp-content\/uploads\/2022\/12\/DSF4115_1-300x200.jpg 300w, https:\/\/blublube.com\/wp-content\/uploads\/2022\/12\/DSF4115_1-768x512.jpg 768w, https:\/\/blublube.com\/wp-content\/uploads\/2022\/12\/DSF4115_1-1536x1024.jpg 1536w, https:\/\/blublube.com\/wp-content\/uploads\/2022\/12\/DSF4115_1-24x16.jpg 24w, https:\/\/blublube.com\/wp-content\/uploads\/2022\/12\/DSF4115_1-36x24.jpg 36w, https:\/\/blublube.com\/wp-content\/uploads\/2022\/12\/DSF4115_1-48x32.jpg 48w, https:\/\/blublube.com\/wp-content\/uploads\/2022\/12\/DSF4115_1.jpg 1800w\" sizes=\"(max-width: 800px) 100vw, 800px\" \/>\t\t\t\t\t\t\t\t\t\t\t\t\t\t\t<\/div>\n\t\t\t\t<\/div>\n\t\t\t\t\t<\/div>\n\t\t<\/div>\n\t\t\t\t\t<\/div>\n\t\t<\/section>\n\t\t\t\t<section class=\"elementor-section elementor-top-section elementor-element elementor-element-c297127 elementor-section-boxed elementor-section-height-default elementor-section-height-default\" data-id=\"c297127\" data-element_type=\"section\" data-e-type=\"section\">\n\t\t\t\t\t\t<div class=\"elementor-container elementor-column-gap-default\">\n\t\t\t\t\t<div class=\"elementor-column elementor-col-100 elementor-top-column elementor-element elementor-element-a7bde12\" data-id=\"a7bde12\" data-element_type=\"column\" data-e-type=\"column\">\n\t\t\t<div class=\"elementor-widget-wrap elementor-element-populated\">\n\t\t\t\t\t\t<div class=\"elementor-element elementor-element-0cf9fed elementor-widget elementor-widget-video\" data-id=\"0cf9fed\" data-element_type=\"widget\" data-e-type=\"widget\" data-settings=\"{&quot;youtube_url&quot;:&quot;https:\\\/\\\/youtu.be\\\/alRiaCTJ2sc&quot;,&quot;video_type&quot;:&quot;youtube&quot;}\" data-widget_type=\"video.default\">\n\t\t\t\t<div class=\"elementor-widget-container\">\n\t\t\t\t\t\t\t<div class=\"elementor-wrapper elementor-open-inline\">\n\t\t\t<div class=\"elementor-video\"><\/div>\t\t<\/div>\n\t\t\t\t\t\t<\/div>\n\t\t\t\t<\/div>\n\t\t\t\t\t<\/div>\n\t\t<\/div>\n\t\t\t\t\t<\/div>\n\t\t<\/section>\n\t\t\t\t<\/div>\n\t\t","protected":false},"excerpt":{"rendered":"<p>ABOUT US BLUB BLUB es una marca que ofrece un conjunto de lubricantes de goteo de todo tipo, productos de limpieza, protecci\u00f3n y sellantes que te permiten pedalear y mantener tu bicicleta en perfectas condiciones. Para amantes de la bicicleta, profesionales y aficionados de este sector que quieran disfrutar de cada paseo como si fuera [&hellip;]<\/p>\n","protected":false},"author":1,"featured_media":0,"parent":0,"menu_order":0,"comment_status":"closed","ping_status":"closed","template":"elementor_header_footer","meta":{"footnotes":""},"class_list":["post-30427","page","type-page","status-publish","hentry"],"yoast_head":"<!-- This site is optimized with the Yoast SEO plugin v27.2 - https:\/\/yoast.com\/product\/yoast-seo-wordpress\/ -->\n<title>About us - Blub<\/title>\n<meta name=\"robots\" content=\"index, follow, max-snippet:-1, max-image-preview:large, max-video-preview:-1\" \/>\n<link rel=\"canonical\" href=\"https:\/\/blublube.com\/about-us\/\" \/>\n<meta property=\"og:locale\" content=\"es_ES\" \/>\n<meta property=\"og:type\" content=\"article\" \/>\n<meta property=\"og:title\" content=\"About us - Blub\" \/>\n<meta property=\"og:description\" content=\"ABOUT US BLUB BLUB es una marca que ofrece un conjunto de lubricantes de goteo de todo tipo, productos de limpieza, protecci\u00f3n y sellantes que te permiten pedalear y mantener tu bicicleta en perfectas condiciones. Para amantes de la bicicleta, profesionales y aficionados de este sector que quieran disfrutar de cada paseo como si fuera [&hellip;]\" \/>\n<meta property=\"og:url\" content=\"https:\/\/blublube.com\/about-us\/\" \/>\n<meta property=\"og:site_name\" content=\"Blub\" \/>\n<meta property=\"article:publisher\" content=\"https:\/\/www.facebook.com\/Blublube\" \/>\n<meta property=\"article:modified_time\" content=\"2024-05-24T08:51:59+00:00\" \/>\n<meta property=\"og:image\" content=\"https:\/\/blublube.com\/wp-content\/uploads\/2022\/12\/DSF4115_1-1024x683.jpg\" \/>\n<meta name=\"twitter:card\" content=\"summary_large_image\" \/>\n<meta name=\"twitter:label1\" content=\"Tiempo de lectura\" \/>\n\t<meta name=\"twitter:data1\" content=\"1 minuto\" \/>\n<script type=\"application\/ld+json\" class=\"yoast-schema-graph\">{\"@context\":\"https:\/\/schema.org\",\"@graph\":[{\"@type\":\"WebPage\",\"@id\":\"https:\/\/blublube.com\/about-us\/\",\"url\":\"https:\/\/blublube.com\/about-us\/\",\"name\":\"About us - Blub\",\"isPartOf\":{\"@id\":\"https:\/\/blublube.com\/#website\"},\"primaryImageOfPage\":{\"@id\":\"https:\/\/blublube.com\/about-us\/#primaryimage\"},\"image\":{\"@id\":\"https:\/\/blublube.com\/about-us\/#primaryimage\"},\"thumbnailUrl\":\"https:\/\/blublube.com\/wp-content\/uploads\/2022\/12\/DSF4115_1-1024x683.jpg\",\"datePublished\":\"2022-12-03T01:54:43+00:00\",\"dateModified\":\"2024-05-24T08:51:59+00:00\",\"breadcrumb\":{\"@id\":\"https:\/\/blublube.com\/about-us\/#breadcrumb\"},\"inLanguage\":\"es\",\"potentialAction\":[{\"@type\":\"ReadAction\",\"target\":[\"https:\/\/blublube.com\/about-us\/\"]}]},{\"@type\":\"ImageObject\",\"inLanguage\":\"es\",\"@id\":\"https:\/\/blublube.com\/about-us\/#primaryimage\",\"url\":\"https:\/\/blublube.com\/wp-content\/uploads\/2022\/12\/DSF4115_1-1024x683.jpg\",\"contentUrl\":\"https:\/\/blublube.com\/wp-content\/uploads\/2022\/12\/DSF4115_1-1024x683.jpg\"},{\"@type\":\"BreadcrumbList\",\"@id\":\"https:\/\/blublube.com\/about-us\/#breadcrumb\",\"itemListElement\":[{\"@type\":\"ListItem\",\"position\":1,\"name\":\"Home\",\"item\":\"https:\/\/blublube.com\/es\/blub-lube\/\"},{\"@type\":\"ListItem\",\"position\":2,\"name\":\"About us\"}]},{\"@type\":\"WebSite\",\"@id\":\"https:\/\/blublube.com\/#website\",\"url\":\"https:\/\/blublube.com\/\",\"name\":\"Blub\",\"description\":\"El mejor cuidado para tu bicicleta\",\"publisher\":{\"@id\":\"https:\/\/blublube.com\/#organization\"},\"potentialAction\":[{\"@type\":\"SearchAction\",\"target\":{\"@type\":\"EntryPoint\",\"urlTemplate\":\"https:\/\/blublube.com\/?s={search_term_string}\"},\"query-input\":{\"@type\":\"PropertyValueSpecification\",\"valueRequired\":true,\"valueName\":\"search_term_string\"}}],\"inLanguage\":\"es\"},{\"@type\":\"Organization\",\"@id\":\"https:\/\/blublube.com\/#organization\",\"name\":\"Blub\",\"url\":\"https:\/\/blublube.com\/\",\"logo\":{\"@type\":\"ImageObject\",\"inLanguage\":\"es\",\"@id\":\"https:\/\/blublube.com\/#\/schema\/logo\/image\/\",\"url\":\"https:\/\/blublube.com\/wp-content\/uploads\/2024\/11\/BLUB-LOGO-Website.png\",\"contentUrl\":\"https:\/\/blublube.com\/wp-content\/uploads\/2024\/11\/BLUB-LOGO-Website.png\",\"width\":250,\"height\":164,\"caption\":\"Blub\"},\"image\":{\"@id\":\"https:\/\/blublube.com\/#\/schema\/logo\/image\/\"},\"sameAs\":[\"https:\/\/www.facebook.com\/Blublube\",\"https:\/\/www.instagram.com\/blub_lube\/\",\"https:\/\/www.youtube.com\/@blublube1958\"]}]}<\/script>\n<!-- \/ Yoast SEO plugin. -->","yoast_head_json":{"title":"About us - Blub","robots":{"index":"index","follow":"follow","max-snippet":"max-snippet:-1","max-image-preview":"max-image-preview:large","max-video-preview":"max-video-preview:-1"},"canonical":"https:\/\/blublube.com\/about-us\/","og_locale":"es_ES","og_type":"article","og_title":"About us - Blub","og_description":"ABOUT US BLUB BLUB es una marca que ofrece un conjunto de lubricantes de goteo de todo tipo, productos de limpieza, protecci\u00f3n y sellantes que te permiten pedalear y mantener tu bicicleta en perfectas condiciones. Para amantes de la bicicleta, profesionales y aficionados de este sector que quieran disfrutar de cada paseo como si fuera [&hellip;]","og_url":"https:\/\/blublube.com\/about-us\/","og_site_name":"Blub","article_publisher":"https:\/\/www.facebook.com\/Blublube","article_modified_time":"2024-05-24T08:51:59+00:00","og_image":[{"url":"https:\/\/blublube.com\/wp-content\/uploads\/2022\/12\/DSF4115_1-1024x683.jpg","type":"","width":"","height":""}],"twitter_card":"summary_large_image","twitter_misc":{"Tiempo de lectura":"1 minuto"},"schema":{"@context":"https:\/\/schema.org","@graph":[{"@type":"WebPage","@id":"https:\/\/blublube.com\/about-us\/","url":"https:\/\/blublube.com\/about-us\/","name":"About us - Blub","isPartOf":{"@id":"https:\/\/blublube.com\/#website"},"primaryImageOfPage":{"@id":"https:\/\/blublube.com\/about-us\/#primaryimage"},"image":{"@id":"https:\/\/blublube.com\/about-us\/#primaryimage"},"thumbnailUrl":"https:\/\/blublube.com\/wp-content\/uploads\/2022\/12\/DSF4115_1-1024x683.jpg","datePublished":"2022-12-03T01:54:43+00:00","dateModified":"2024-05-24T08:51:59+00:00","breadcrumb":{"@id":"https:\/\/blublube.com\/about-us\/#breadcrumb"},"inLanguage":"es","potentialAction":[{"@type":"ReadAction","target":["https:\/\/blublube.com\/about-us\/"]}]},{"@type":"ImageObject","inLanguage":"es","@id":"https:\/\/blublube.com\/about-us\/#primaryimage","url":"https:\/\/blublube.com\/wp-content\/uploads\/2022\/12\/DSF4115_1-1024x683.jpg","contentUrl":"https:\/\/blublube.com\/wp-content\/uploads\/2022\/12\/DSF4115_1-1024x683.jpg"},{"@type":"BreadcrumbList","@id":"https:\/\/blublube.com\/about-us\/#breadcrumb","itemListElement":[{"@type":"ListItem","position":1,"name":"Home","item":"https:\/\/blublube.com\/es\/blub-lube\/"},{"@type":"ListItem","position":2,"name":"About us"}]},{"@type":"WebSite","@id":"https:\/\/blublube.com\/#website","url":"https:\/\/blublube.com\/","name":"Blub","description":"El mejor cuidado para tu bicicleta","publisher":{"@id":"https:\/\/blublube.com\/#organization"},"potentialAction":[{"@type":"SearchAction","target":{"@type":"EntryPoint","urlTemplate":"https:\/\/blublube.com\/?s={search_term_string}"},"query-input":{"@type":"PropertyValueSpecification","valueRequired":true,"valueName":"search_term_string"}}],"inLanguage":"es"},{"@type":"Organization","@id":"https:\/\/blublube.com\/#organization","name":"Blub","url":"https:\/\/blublube.com\/","logo":{"@type":"ImageObject","inLanguage":"es","@id":"https:\/\/blublube.com\/#\/schema\/logo\/image\/","url":"https:\/\/blublube.com\/wp-content\/uploads\/2024\/11\/BLUB-LOGO-Website.png","contentUrl":"https:\/\/blublube.com\/wp-content\/uploads\/2024\/11\/BLUB-LOGO-Website.png","width":250,"height":164,"caption":"Blub"},"image":{"@id":"https:\/\/blublube.com\/#\/schema\/logo\/image\/"},"sameAs":["https:\/\/www.facebook.com\/Blublube","https:\/\/www.instagram.com\/blub_lube\/","https:\/\/www.youtube.com\/@blublube1958"]}]}},"_links":{"self":[{"href":"https:\/\/blublube.com\/es\/wp-json\/wp\/v2\/pages\/30427","targetHints":{"allow":["GET"]}}],"collection":[{"href":"https:\/\/blublube.com\/es\/wp-json\/wp\/v2\/pages"}],"about":[{"href":"https:\/\/blublube.com\/es\/wp-json\/wp\/v2\/types\/page"}],"author":[{"embeddable":true,"href":"https:\/\/blublube.com\/es\/wp-json\/wp\/v2\/users\/1"}],"replies":[{"embeddable":true,"href":"https:\/\/blublube.com\/es\/wp-json\/wp\/v2\/comments?post=30427"}],"version-history":[{"count":6,"href":"https:\/\/blublube.com\/es\/wp-json\/wp\/v2\/pages\/30427\/revisions"}],"predecessor-version":[{"id":32687,"href":"https:\/\/blublube.com\/es\/wp-json\/wp\/v2\/pages\/30427\/revisions\/32687"}],"wp:attachment":[{"href":"https:\/\/blublube.com\/es\/wp-json\/wp\/v2\/media?parent=30427"}],"curies":[{"name":"wp","href":"https:\/\/api.w.org\/{rel}","templated":true}]}}