{"id":30376,"date":"2022-12-03T01:08:41","date_gmt":"2022-12-03T00:08:41","guid":{"rendered":"https:\/\/blublube.com\/sistema-tubeless\/"},"modified":"2024-11-27T21:28:59","modified_gmt":"2024-11-27T20:28:59","slug":"sistema-tubeless","status":"publish","type":"page","link":"https:\/\/blublube.com\/es\/sistema-tubeless\/","title":{"rendered":"Sistema tubeless"},"content":{"rendered":"\t\t<div data-elementor-type=\"wp-page\" data-elementor-id=\"30376\" class=\"elementor elementor-30376 elementor-29501\" data-elementor-post-type=\"page\">\n\t\t\t\t\t\t<section class=\"elementor-section elementor-top-section elementor-element elementor-element-63eb178f elementor-section-full_width elementor-section-height-min-height elementor-section-stretched elementor-section-height-default elementor-section-items-middle\" data-id=\"63eb178f\" data-element_type=\"section\" data-e-type=\"section\" data-settings=\"{&quot;stretch_section&quot;:&quot;section-stretched&quot;,&quot;background_background&quot;:&quot;classic&quot;}\">\n\t\t\t\t\t\t<div class=\"elementor-container elementor-column-gap-default\">\n\t\t\t\t\t<div class=\"elementor-column elementor-col-100 elementor-top-column elementor-element elementor-element-2596e4da\" data-id=\"2596e4da\" data-element_type=\"column\" data-e-type=\"column\">\n\t\t\t<div class=\"elementor-widget-wrap elementor-element-populated\">\n\t\t\t\t\t\t<div class=\"elementor-element elementor-element-258abccf elementor-widget elementor-widget-heading\" data-id=\"258abccf\" data-element_type=\"widget\" data-e-type=\"widget\" data-widget_type=\"heading.default\">\n\t\t\t\t<div class=\"elementor-widget-container\">\n\t\t\t\t\t<h1 class=\"elementor-heading-title elementor-size-default\">SISTEMA TUBELESS<\/h1>\t\t\t\t<\/div>\n\t\t\t\t<\/div>\n\t\t\t\t\t<\/div>\n\t\t<\/div>\n\t\t\t\t\t<\/div>\n\t\t<\/section>\n\t\t\t\t<section class=\"elementor-section elementor-top-section elementor-element elementor-element-ead62af elementor-section-boxed elementor-section-height-default elementor-section-height-default\" data-id=\"ead62af\" data-element_type=\"section\" data-e-type=\"section\">\n\t\t\t\t\t\t<div class=\"elementor-container elementor-column-gap-default\">\n\t\t\t\t\t<div class=\"elementor-column elementor-col-100 elementor-top-column elementor-element elementor-element-d79c617\" data-id=\"d79c617\" data-element_type=\"column\" data-e-type=\"column\">\n\t\t\t<div class=\"elementor-widget-wrap elementor-element-populated\">\n\t\t\t\t\t\t<div class=\"elementor-element elementor-element-1d261e5 elementor-widget elementor-widget-heading\" data-id=\"1d261e5\" data-element_type=\"widget\" data-e-type=\"widget\" data-widget_type=\"heading.default\">\n\t\t\t\t<div class=\"elementor-widget-container\">\n\t\t\t\t\t<h2 class=\"elementor-heading-title elementor-size-default\">Sistema tubeless contra el pinchazo<\/h2>\t\t\t\t<\/div>\n\t\t\t\t<\/div>\n\t\t\t\t\t<\/div>\n\t\t<\/div>\n\t\t\t\t\t<\/div>\n\t\t<\/section>\n\t\t\t\t<section class=\"elementor-section elementor-top-section elementor-element elementor-element-afaa77c elementor-section-content-middle elementor-section-boxed elementor-section-height-default elementor-section-height-default\" data-id=\"afaa77c\" data-element_type=\"section\" data-e-type=\"section\">\n\t\t\t\t\t\t<div class=\"elementor-container elementor-column-gap-default\">\n\t\t\t\t\t<div class=\"elementor-column elementor-col-25 elementor-top-column elementor-element elementor-element-6096ca0\" data-id=\"6096ca0\" data-element_type=\"column\" data-e-type=\"column\">\n\t\t\t<div class=\"elementor-widget-wrap elementor-element-populated\">\n\t\t\t\t\t\t<div class=\"elementor-element elementor-element-aa351cc e-transform e-transform elementor-widget elementor-widget-image\" data-id=\"aa351cc\" data-element_type=\"widget\" data-e-type=\"widget\" data-settings=\"{&quot;_transform_scale_effect_hover&quot;:{&quot;unit&quot;:&quot;px&quot;,&quot;size&quot;:1.1000000000000001,&quot;sizes&quot;:[]},&quot;_transform_scaleX_effect&quot;:{&quot;unit&quot;:&quot;px&quot;,&quot;size&quot;:&quot;&quot;,&quot;sizes&quot;:[]},&quot;_transform_scaleX_effect_tablet&quot;:{&quot;unit&quot;:&quot;px&quot;,&quot;size&quot;:&quot;&quot;,&quot;sizes&quot;:[]},&quot;_transform_scaleX_effect_mobile&quot;:{&quot;unit&quot;:&quot;px&quot;,&quot;size&quot;:&quot;&quot;,&quot;sizes&quot;:[]},&quot;_transform_scaleY_effect&quot;:{&quot;unit&quot;:&quot;px&quot;,&quot;size&quot;:&quot;&quot;,&quot;sizes&quot;:[]},&quot;_transform_scaleY_effect_tablet&quot;:{&quot;unit&quot;:&quot;px&quot;,&quot;size&quot;:&quot;&quot;,&quot;sizes&quot;:[]},&quot;_transform_scaleY_effect_mobile&quot;:{&quot;unit&quot;:&quot;px&quot;,&quot;size&quot;:&quot;&quot;,&quot;sizes&quot;:[]},&quot;_transform_scale_effect_hover_tablet&quot;:{&quot;unit&quot;:&quot;px&quot;,&quot;size&quot;:&quot;&quot;,&quot;sizes&quot;:[]},&quot;_transform_scale_effect_hover_mobile&quot;:{&quot;unit&quot;:&quot;px&quot;,&quot;size&quot;:&quot;&quot;,&quot;sizes&quot;:[]}}\" data-widget_type=\"image.default\">\n\t\t\t\t<div class=\"elementor-widget-container\">\n\t\t\t\t\t\t\t\t\t\t\t\t\t\t\t\t<a href=\"https:\/\/blublube.com\/es\/sistema-tubeless\/tire-sealant\/\">\n\t\t\t\t\t\t\t<img fetchpriority=\"high\" decoding=\"async\" width=\"800\" height=\"800\" src=\"https:\/\/blublube.com\/wp-content\/uploads\/2024\/11\/TIRE-SEALANT-PACK-1024x1024.webp\" class=\"attachment-large size-large wp-image-33869\" alt=\"TIRE SEALANT PACK\" srcset=\"https:\/\/blublube.com\/wp-content\/uploads\/2024\/11\/TIRE-SEALANT-PACK-1024x1024.webp 1024w, https:\/\/blublube.com\/wp-content\/uploads\/2024\/11\/TIRE-SEALANT-PACK-300x300.webp 300w, https:\/\/blublube.com\/wp-content\/uploads\/2024\/11\/TIRE-SEALANT-PACK-150x150.webp 150w, https:\/\/blublube.com\/wp-content\/uploads\/2024\/11\/TIRE-SEALANT-PACK-768x768.webp 768w, https:\/\/blublube.com\/wp-content\/uploads\/2024\/11\/TIRE-SEALANT-PACK.webp 1500w\" sizes=\"(max-width: 800px) 100vw, 800px\" \/>\t\t\t\t\t\t\t\t<\/a>\n\t\t\t\t\t\t\t\t\t\t\t\t\t\t\t<\/div>\n\t\t\t\t<\/div>\n\t\t\t\t\t<\/div>\n\t\t<\/div>\n\t\t\t\t<div class=\"elementor-column elementor-col-25 elementor-top-column elementor-element elementor-element-90be44b\" data-id=\"90be44b\" data-element_type=\"column\" data-e-type=\"column\">\n\t\t\t<div class=\"elementor-widget-wrap elementor-element-populated\">\n\t\t\t\t\t\t<div class=\"elementor-element elementor-element-9ce5941 elementor-widget elementor-widget-text-editor\" data-id=\"9ce5941\" data-element_type=\"widget\" data-e-type=\"widget\" data-widget_type=\"text-editor.default\">\n\t\t\t\t<div class=\"elementor-widget-container\">\n\t\t\t\t\t\t\t\t\t<p class=\"p1\">L\u00edquido sellante tubeless. <strong>Repara al instante el pinchazo<\/strong>.<span class=\"Apple-converted-space\"> <\/span><\/p>\n\t\t\t\t\t\t\t\t<\/div>\n\t\t\t\t<\/div>\n\t\t\t\t\t<\/div>\n\t\t<\/div>\n\t\t\t\t<div class=\"elementor-column elementor-col-25 elementor-top-column elementor-element elementor-element-b461f9d\" data-id=\"b461f9d\" data-element_type=\"column\" data-e-type=\"column\">\n\t\t\t<div class=\"elementor-widget-wrap elementor-element-populated\">\n\t\t\t\t\t\t<div class=\"elementor-element elementor-element-15e0714 e-transform elementor-widget elementor-widget-image\" data-id=\"15e0714\" data-element_type=\"widget\" data-e-type=\"widget\" data-settings=\"{&quot;_transform_scale_effect_hover&quot;:{&quot;unit&quot;:&quot;px&quot;,&quot;size&quot;:1.1000000000000001,&quot;sizes&quot;:[]},&quot;_transform_scale_effect_hover_tablet&quot;:{&quot;unit&quot;:&quot;px&quot;,&quot;size&quot;:&quot;&quot;,&quot;sizes&quot;:[]},&quot;_transform_scale_effect_hover_mobile&quot;:{&quot;unit&quot;:&quot;px&quot;,&quot;size&quot;:&quot;&quot;,&quot;sizes&quot;:[]}}\" data-widget_type=\"image.default\">\n\t\t\t\t<div class=\"elementor-widget-container\">\n\t\t\t\t\t\t\t\t\t\t\t\t\t\t\t\t<a href=\"https:\/\/blublube.com\/es\/sistema-tubeless\/valves\/\">\n\t\t\t\t\t\t\t<img decoding=\"async\" width=\"800\" height=\"800\" src=\"https:\/\/blublube.com\/wp-content\/uploads\/2024\/11\/TUBELESS-VALVES-1024x1024.webp\" class=\"attachment-large size-large wp-image-33904\" alt=\"TUBELESS VALVES\" srcset=\"https:\/\/blublube.com\/wp-content\/uploads\/2024\/11\/TUBELESS-VALVES-1024x1024.webp 1024w, https:\/\/blublube.com\/wp-content\/uploads\/2024\/11\/TUBELESS-VALVES-300x300.webp 300w, https:\/\/blublube.com\/wp-content\/uploads\/2024\/11\/TUBELESS-VALVES-150x150.webp 150w, https:\/\/blublube.com\/wp-content\/uploads\/2024\/11\/TUBELESS-VALVES-768x768.webp 768w, https:\/\/blublube.com\/wp-content\/uploads\/2024\/11\/TUBELESS-VALVES.webp 1500w\" sizes=\"(max-width: 800px) 100vw, 800px\" \/>\t\t\t\t\t\t\t\t<\/a>\n\t\t\t\t\t\t\t\t\t\t\t\t\t\t\t<\/div>\n\t\t\t\t<\/div>\n\t\t\t\t\t<\/div>\n\t\t<\/div>\n\t\t\t\t<div class=\"elementor-column elementor-col-25 elementor-top-column elementor-element elementor-element-4c68686\" data-id=\"4c68686\" data-element_type=\"column\" data-e-type=\"column\">\n\t\t\t<div class=\"elementor-widget-wrap elementor-element-populated\">\n\t\t\t\t\t\t<div class=\"elementor-element elementor-element-6187888 elementor-widget elementor-widget-text-editor\" data-id=\"6187888\" data-element_type=\"widget\" data-e-type=\"widget\" data-widget_type=\"text-editor.default\">\n\t\t\t\t<div class=\"elementor-widget-container\">\n\t\t\t\t\t\t\t\t\t<p class=\"p1\"><strong>V\u00e1lvulas<\/strong> de aluminio y lat\u00f3n.<\/p>\n\t\t\t\t\t\t\t\t<\/div>\n\t\t\t\t<\/div>\n\t\t\t\t\t<\/div>\n\t\t<\/div>\n\t\t\t\t\t<\/div>\n\t\t<\/section>\n\t\t\t\t<section class=\"elementor-section elementor-top-section elementor-element elementor-element-e34e40b elementor-reverse-mobile elementor-section-boxed elementor-section-height-default elementor-section-height-default\" data-id=\"e34e40b\" data-element_type=\"section\" data-e-type=\"section\">\n\t\t\t\t\t\t<div class=\"elementor-container elementor-column-gap-default\">\n\t\t\t\t\t<div class=\"elementor-column elementor-col-25 elementor-top-column elementor-element elementor-element-842929c\" data-id=\"842929c\" data-element_type=\"column\" data-e-type=\"column\">\n\t\t\t<div class=\"elementor-widget-wrap elementor-element-populated\">\n\t\t\t\t\t\t<div class=\"elementor-element elementor-element-dacf974 elementor-widget elementor-widget-text-editor\" data-id=\"dacf974\" data-element_type=\"widget\" data-e-type=\"widget\" data-widget_type=\"text-editor.default\">\n\t\t\t\t<div class=\"elementor-widget-container\">\n\t\t\t\t\t\t\t\t\t<p class=\"p1\">Perfecto para <strong>sellar las ruedas<\/strong>.<\/p>\n\t\t\t\t\t\t\t\t<\/div>\n\t\t\t\t<\/div>\n\t\t\t\t\t<\/div>\n\t\t<\/div>\n\t\t\t\t<div class=\"elementor-column elementor-col-25 elementor-top-column elementor-element elementor-element-af00655\" data-id=\"af00655\" data-element_type=\"column\" data-e-type=\"column\">\n\t\t\t<div class=\"elementor-widget-wrap elementor-element-populated\">\n\t\t\t\t\t\t<div class=\"elementor-element elementor-element-6ab21fb e-transform elementor-widget elementor-widget-image\" data-id=\"6ab21fb\" data-element_type=\"widget\" data-e-type=\"widget\" data-settings=\"{&quot;_transform_scale_effect_hover&quot;:{&quot;unit&quot;:&quot;px&quot;,&quot;size&quot;:1.1000000000000001,&quot;sizes&quot;:[]},&quot;_transform_scale_effect_hover_tablet&quot;:{&quot;unit&quot;:&quot;px&quot;,&quot;size&quot;:&quot;&quot;,&quot;sizes&quot;:[]},&quot;_transform_scale_effect_hover_mobile&quot;:{&quot;unit&quot;:&quot;px&quot;,&quot;size&quot;:&quot;&quot;,&quot;sizes&quot;:[]}}\" data-widget_type=\"image.default\">\n\t\t\t\t<div class=\"elementor-widget-container\">\n\t\t\t\t\t\t\t\t\t\t\t\t\t\t\t\t<a href=\"https:\/\/blublube.com\/es\/sistema-tubeless\/rim-tape\/\">\n\t\t\t\t\t\t\t<img decoding=\"async\" width=\"800\" height=\"800\" src=\"https:\/\/blublube.com\/wp-content\/uploads\/2022\/07\/PAG_48-RIM-TAPE_RGB_LR-1024x1024.jpg\" class=\"attachment-large size-large wp-image-29507\" alt=\"Rim Tape\" srcset=\"https:\/\/blublube.com\/wp-content\/uploads\/2022\/07\/PAG_48-RIM-TAPE_RGB_LR-1024x1024.jpg 1024w, https:\/\/blublube.com\/wp-content\/uploads\/2022\/07\/PAG_48-RIM-TAPE_RGB_LR-300x300.jpg 300w, https:\/\/blublube.com\/wp-content\/uploads\/2022\/07\/PAG_48-RIM-TAPE_RGB_LR-150x150.jpg 150w, https:\/\/blublube.com\/wp-content\/uploads\/2022\/07\/PAG_48-RIM-TAPE_RGB_LR-768x768.jpg 768w, https:\/\/blublube.com\/wp-content\/uploads\/2022\/07\/PAG_48-RIM-TAPE_RGB_LR-24x24.jpg 24w, https:\/\/blublube.com\/wp-content\/uploads\/2022\/07\/PAG_48-RIM-TAPE_RGB_LR-36x36.jpg 36w, https:\/\/blublube.com\/wp-content\/uploads\/2022\/07\/PAG_48-RIM-TAPE_RGB_LR-48x48.jpg 48w, https:\/\/blublube.com\/wp-content\/uploads\/2022\/07\/PAG_48-RIM-TAPE_RGB_LR.jpg 1500w\" sizes=\"(max-width: 800px) 100vw, 800px\" \/>\t\t\t\t\t\t\t\t<\/a>\n\t\t\t\t\t\t\t\t\t\t\t\t\t\t\t<\/div>\n\t\t\t\t<\/div>\n\t\t\t\t\t<\/div>\n\t\t<\/div>\n\t\t\t\t<div class=\"elementor-column elementor-col-25 elementor-top-column elementor-element elementor-element-df5eb8e\" data-id=\"df5eb8e\" data-element_type=\"column\" data-e-type=\"column\">\n\t\t\t<div class=\"elementor-widget-wrap elementor-element-populated\">\n\t\t\t\t\t\t<div class=\"elementor-element elementor-element-d4da404 elementor-widget elementor-widget-text-editor\" data-id=\"d4da404\" data-element_type=\"widget\" data-e-type=\"widget\" data-widget_type=\"text-editor.default\">\n\t\t\t\t<div class=\"elementor-widget-container\">\n\t\t\t\t\t\t\t\t\t<p>Seguro, limpio y<strong> f\u00e1cil de usar<\/strong>.<\/p>\t\t\t\t\t\t\t\t<\/div>\n\t\t\t\t<\/div>\n\t\t\t\t\t<\/div>\n\t\t<\/div>\n\t\t\t\t<div class=\"elementor-column elementor-col-25 elementor-top-column elementor-element elementor-element-bf84642\" data-id=\"bf84642\" data-element_type=\"column\" data-e-type=\"column\">\n\t\t\t<div class=\"elementor-widget-wrap elementor-element-populated\">\n\t\t\t\t\t\t<div class=\"elementor-element elementor-element-82dbdd1 e-transform elementor-widget elementor-widget-image\" data-id=\"82dbdd1\" data-element_type=\"widget\" data-e-type=\"widget\" data-settings=\"{&quot;_transform_scale_effect_hover&quot;:{&quot;unit&quot;:&quot;px&quot;,&quot;size&quot;:1.1000000000000001,&quot;sizes&quot;:[]},&quot;_transform_scale_effect_hover_tablet&quot;:{&quot;unit&quot;:&quot;px&quot;,&quot;size&quot;:&quot;&quot;,&quot;sizes&quot;:[]},&quot;_transform_scale_effect_hover_mobile&quot;:{&quot;unit&quot;:&quot;px&quot;,&quot;size&quot;:&quot;&quot;,&quot;sizes&quot;:[]}}\" data-widget_type=\"image.default\">\n\t\t\t\t<div class=\"elementor-widget-container\">\n\t\t\t\t\t\t\t\t\t\t\t\t\t\t\t\t<a href=\"https:\/\/blublube.com\/es\/sistema-tubeless\/tubeless-syringe\/\">\n\t\t\t\t\t\t\t<img loading=\"lazy\" decoding=\"async\" width=\"800\" height=\"800\" src=\"https:\/\/blublube.com\/wp-content\/uploads\/2024\/11\/TUBELESS-SYRINGE-1024x1024.webp\" class=\"attachment-large size-large wp-image-33908\" alt=\"TUBELESS SYRINGE\" srcset=\"https:\/\/blublube.com\/wp-content\/uploads\/2024\/11\/TUBELESS-SYRINGE-1024x1024.webp 1024w, https:\/\/blublube.com\/wp-content\/uploads\/2024\/11\/TUBELESS-SYRINGE-300x300.webp 300w, https:\/\/blublube.com\/wp-content\/uploads\/2024\/11\/TUBELESS-SYRINGE-150x150.webp 150w, https:\/\/blublube.com\/wp-content\/uploads\/2024\/11\/TUBELESS-SYRINGE-768x768.webp 768w, https:\/\/blublube.com\/wp-content\/uploads\/2024\/11\/TUBELESS-SYRINGE.webp 1500w\" sizes=\"(max-width: 800px) 100vw, 800px\" \/>\t\t\t\t\t\t\t\t<\/a>\n\t\t\t\t\t\t\t\t\t\t\t\t\t\t\t<\/div>\n\t\t\t\t<\/div>\n\t\t\t\t\t<\/div>\n\t\t<\/div>\n\t\t\t\t\t<\/div>\n\t\t<\/section>\n\t\t\t\t<section class=\"elementor-section elementor-top-section elementor-element elementor-element-2376a3c elementor-section-boxed elementor-section-height-default elementor-section-height-default\" data-id=\"2376a3c\" data-element_type=\"section\" data-e-type=\"section\">\n\t\t\t\t\t\t<div class=\"elementor-container elementor-column-gap-default\">\n\t\t\t\t\t<div class=\"elementor-column elementor-col-100 elementor-top-column elementor-element elementor-element-0ab8b05\" data-id=\"0ab8b05\" data-element_type=\"column\" data-e-type=\"column\">\n\t\t\t<div class=\"elementor-widget-wrap elementor-element-populated\">\n\t\t\t\t\t\t<div class=\"elementor-element elementor-element-9091d97 elementor-widget elementor-widget-video\" data-id=\"9091d97\" data-element_type=\"widget\" data-e-type=\"widget\" data-settings=\"{&quot;youtube_url&quot;:&quot;https:\\\/\\\/youtu.be\\\/NEsM2RPA1uI&quot;,&quot;video_type&quot;:&quot;youtube&quot;,&quot;controls&quot;:&quot;yes&quot;}\" data-widget_type=\"video.default\">\n\t\t\t\t<div class=\"elementor-widget-container\">\n\t\t\t\t\t\t\t<div class=\"elementor-wrapper elementor-open-inline\">\n\t\t\t<div class=\"elementor-video\"><\/div>\t\t<\/div>\n\t\t\t\t\t\t<\/div>\n\t\t\t\t<\/div>\n\t\t\t\t\t<\/div>\n\t\t<\/div>\n\t\t\t\t\t<\/div>\n\t\t<\/section>\n\t\t\t\t<\/div>\n\t\t","protected":false},"excerpt":{"rendered":"<p>SISTEMA TUBELESS Sistema tubeless contra el pinchazo L\u00edquido sellante tubeless. Repara al instante el pinchazo. V\u00e1lvulas de aluminio y lat\u00f3n. Perfecto para sellar las ruedas. Seguro, limpio y f\u00e1cil de usar.<\/p>\n","protected":false},"author":1,"featured_media":0,"parent":0,"menu_order":0,"comment_status":"closed","ping_status":"closed","template":"elementor_header_footer","meta":{"footnotes":""},"class_list":["post-30376","page","type-page","status-publish","hentry"],"yoast_head":"<!-- This site is optimized with the Yoast SEO plugin v27.2 - https:\/\/yoast.com\/product\/yoast-seo-wordpress\/ -->\n<title>Sistema tubeless - Blub<\/title>\n<meta name=\"robots\" content=\"index, follow, max-snippet:-1, max-image-preview:large, max-video-preview:-1\" \/>\n<link rel=\"canonical\" href=\"https:\/\/blublube.com\/es\/sistema-tubeless\/\" \/>\n<meta property=\"og:locale\" content=\"es_ES\" \/>\n<meta property=\"og:type\" content=\"article\" \/>\n<meta property=\"og:title\" content=\"Sistema tubeless - Blub\" \/>\n<meta property=\"og:description\" content=\"SISTEMA TUBELESS Sistema tubeless contra el pinchazo L\u00edquido sellante tubeless. Repara al instante el pinchazo. V\u00e1lvulas de aluminio y lat\u00f3n. Perfecto para sellar las ruedas. Seguro, limpio y f\u00e1cil de usar.\" \/>\n<meta property=\"og:url\" content=\"https:\/\/blublube.com\/es\/sistema-tubeless\/\" \/>\n<meta property=\"og:site_name\" content=\"Blub\" \/>\n<meta property=\"article:publisher\" content=\"https:\/\/www.facebook.com\/Blublube\" \/>\n<meta property=\"article:modified_time\" content=\"2024-11-27T20:28:59+00:00\" \/>\n<meta property=\"og:image\" content=\"https:\/\/blublube.com\/wp-content\/uploads\/2024\/11\/TIRE-SEALANT-PACK.webp\" \/>\n\t<meta property=\"og:image:width\" content=\"1500\" \/>\n\t<meta property=\"og:image:height\" content=\"1500\" \/>\n\t<meta property=\"og:image:type\" content=\"image\/webp\" \/>\n<meta name=\"twitter:card\" content=\"summary_large_image\" \/>\n<meta name=\"twitter:label1\" content=\"Tiempo de lectura\" \/>\n\t<meta name=\"twitter:data1\" content=\"1 minuto\" \/>\n<script type=\"application\/ld+json\" class=\"yoast-schema-graph\">{\"@context\":\"https:\/\/schema.org\",\"@graph\":[{\"@type\":\"WebPage\",\"@id\":\"https:\/\/blublube.com\/es\/sistema-tubeless\/\",\"url\":\"https:\/\/blublube.com\/es\/sistema-tubeless\/\",\"name\":\"Sistema tubeless - Blub\",\"isPartOf\":{\"@id\":\"https:\/\/blublube.com\/#website\"},\"primaryImageOfPage\":{\"@id\":\"https:\/\/blublube.com\/es\/sistema-tubeless\/#primaryimage\"},\"image\":{\"@id\":\"https:\/\/blublube.com\/es\/sistema-tubeless\/#primaryimage\"},\"thumbnailUrl\":\"https:\/\/blublube.com\/wp-content\/uploads\/2024\/11\/TIRE-SEALANT-PACK-1024x1024.webp\",\"datePublished\":\"2022-12-03T00:08:41+00:00\",\"dateModified\":\"2024-11-27T20:28:59+00:00\",\"breadcrumb\":{\"@id\":\"https:\/\/blublube.com\/es\/sistema-tubeless\/#breadcrumb\"},\"inLanguage\":\"es\",\"potentialAction\":[{\"@type\":\"ReadAction\",\"target\":[\"https:\/\/blublube.com\/es\/sistema-tubeless\/\"]}]},{\"@type\":\"ImageObject\",\"inLanguage\":\"es\",\"@id\":\"https:\/\/blublube.com\/es\/sistema-tubeless\/#primaryimage\",\"url\":\"https:\/\/blublube.com\/wp-content\/uploads\/2024\/11\/TIRE-SEALANT-PACK-1024x1024.webp\",\"contentUrl\":\"https:\/\/blublube.com\/wp-content\/uploads\/2024\/11\/TIRE-SEALANT-PACK-1024x1024.webp\"},{\"@type\":\"BreadcrumbList\",\"@id\":\"https:\/\/blublube.com\/es\/sistema-tubeless\/#breadcrumb\",\"itemListElement\":[{\"@type\":\"ListItem\",\"position\":1,\"name\":\"Home\",\"item\":\"https:\/\/blublube.com\/es\/blub-lube\/\"},{\"@type\":\"ListItem\",\"position\":2,\"name\":\"Sistema tubeless\"}]},{\"@type\":\"WebSite\",\"@id\":\"https:\/\/blublube.com\/#website\",\"url\":\"https:\/\/blublube.com\/\",\"name\":\"Blub\",\"description\":\"El mejor cuidado para tu bicicleta\",\"publisher\":{\"@id\":\"https:\/\/blublube.com\/#organization\"},\"potentialAction\":[{\"@type\":\"SearchAction\",\"target\":{\"@type\":\"EntryPoint\",\"urlTemplate\":\"https:\/\/blublube.com\/?s={search_term_string}\"},\"query-input\":{\"@type\":\"PropertyValueSpecification\",\"valueRequired\":true,\"valueName\":\"search_term_string\"}}],\"inLanguage\":\"es\"},{\"@type\":\"Organization\",\"@id\":\"https:\/\/blublube.com\/#organization\",\"name\":\"Blub\",\"url\":\"https:\/\/blublube.com\/\",\"logo\":{\"@type\":\"ImageObject\",\"inLanguage\":\"es\",\"@id\":\"https:\/\/blublube.com\/#\/schema\/logo\/image\/\",\"url\":\"https:\/\/blublube.com\/wp-content\/uploads\/2024\/11\/BLUB-LOGO-Website.png\",\"contentUrl\":\"https:\/\/blublube.com\/wp-content\/uploads\/2024\/11\/BLUB-LOGO-Website.png\",\"width\":250,\"height\":164,\"caption\":\"Blub\"},\"image\":{\"@id\":\"https:\/\/blublube.com\/#\/schema\/logo\/image\/\"},\"sameAs\":[\"https:\/\/www.facebook.com\/Blublube\",\"https:\/\/www.instagram.com\/blub_lube\/\",\"https:\/\/www.youtube.com\/@blublube1958\"]}]}<\/script>\n<!-- \/ Yoast SEO plugin. -->","yoast_head_json":{"title":"Sistema tubeless - Blub","robots":{"index":"index","follow":"follow","max-snippet":"max-snippet:-1","max-image-preview":"max-image-preview:large","max-video-preview":"max-video-preview:-1"},"canonical":"https:\/\/blublube.com\/es\/sistema-tubeless\/","og_locale":"es_ES","og_type":"article","og_title":"Sistema tubeless - Blub","og_description":"SISTEMA TUBELESS Sistema tubeless contra el pinchazo L\u00edquido sellante tubeless. Repara al instante el pinchazo. V\u00e1lvulas de aluminio y lat\u00f3n. Perfecto para sellar las ruedas. Seguro, limpio y f\u00e1cil de usar.","og_url":"https:\/\/blublube.com\/es\/sistema-tubeless\/","og_site_name":"Blub","article_publisher":"https:\/\/www.facebook.com\/Blublube","article_modified_time":"2024-11-27T20:28:59+00:00","og_image":[{"width":1500,"height":1500,"url":"https:\/\/blublube.com\/wp-content\/uploads\/2024\/11\/TIRE-SEALANT-PACK.webp","type":"image\/webp"}],"twitter_card":"summary_large_image","twitter_misc":{"Tiempo de lectura":"1 minuto"},"schema":{"@context":"https:\/\/schema.org","@graph":[{"@type":"WebPage","@id":"https:\/\/blublube.com\/es\/sistema-tubeless\/","url":"https:\/\/blublube.com\/es\/sistema-tubeless\/","name":"Sistema tubeless - Blub","isPartOf":{"@id":"https:\/\/blublube.com\/#website"},"primaryImageOfPage":{"@id":"https:\/\/blublube.com\/es\/sistema-tubeless\/#primaryimage"},"image":{"@id":"https:\/\/blublube.com\/es\/sistema-tubeless\/#primaryimage"},"thumbnailUrl":"https:\/\/blublube.com\/wp-content\/uploads\/2024\/11\/TIRE-SEALANT-PACK-1024x1024.webp","datePublished":"2022-12-03T00:08:41+00:00","dateModified":"2024-11-27T20:28:59+00:00","breadcrumb":{"@id":"https:\/\/blublube.com\/es\/sistema-tubeless\/#breadcrumb"},"inLanguage":"es","potentialAction":[{"@type":"ReadAction","target":["https:\/\/blublube.com\/es\/sistema-tubeless\/"]}]},{"@type":"ImageObject","inLanguage":"es","@id":"https:\/\/blublube.com\/es\/sistema-tubeless\/#primaryimage","url":"https:\/\/blublube.com\/wp-content\/uploads\/2024\/11\/TIRE-SEALANT-PACK-1024x1024.webp","contentUrl":"https:\/\/blublube.com\/wp-content\/uploads\/2024\/11\/TIRE-SEALANT-PACK-1024x1024.webp"},{"@type":"BreadcrumbList","@id":"https:\/\/blublube.com\/es\/sistema-tubeless\/#breadcrumb","itemListElement":[{"@type":"ListItem","position":1,"name":"Home","item":"https:\/\/blublube.com\/es\/blub-lube\/"},{"@type":"ListItem","position":2,"name":"Sistema tubeless"}]},{"@type":"WebSite","@id":"https:\/\/blublube.com\/#website","url":"https:\/\/blublube.com\/","name":"Blub","description":"El mejor cuidado para tu bicicleta","publisher":{"@id":"https:\/\/blublube.com\/#organization"},"potentialAction":[{"@type":"SearchAction","target":{"@type":"EntryPoint","urlTemplate":"https:\/\/blublube.com\/?s={search_term_string}"},"query-input":{"@type":"PropertyValueSpecification","valueRequired":true,"valueName":"search_term_string"}}],"inLanguage":"es"},{"@type":"Organization","@id":"https:\/\/blublube.com\/#organization","name":"Blub","url":"https:\/\/blublube.com\/","logo":{"@type":"ImageObject","inLanguage":"es","@id":"https:\/\/blublube.com\/#\/schema\/logo\/image\/","url":"https:\/\/blublube.com\/wp-content\/uploads\/2024\/11\/BLUB-LOGO-Website.png","contentUrl":"https:\/\/blublube.com\/wp-content\/uploads\/2024\/11\/BLUB-LOGO-Website.png","width":250,"height":164,"caption":"Blub"},"image":{"@id":"https:\/\/blublube.com\/#\/schema\/logo\/image\/"},"sameAs":["https:\/\/www.facebook.com\/Blublube","https:\/\/www.instagram.com\/blub_lube\/","https:\/\/www.youtube.com\/@blublube1958"]}]}},"_links":{"self":[{"href":"https:\/\/blublube.com\/es\/wp-json\/wp\/v2\/pages\/30376","targetHints":{"allow":["GET"]}}],"collection":[{"href":"https:\/\/blublube.com\/es\/wp-json\/wp\/v2\/pages"}],"about":[{"href":"https:\/\/blublube.com\/es\/wp-json\/wp\/v2\/types\/page"}],"author":[{"embeddable":true,"href":"https:\/\/blublube.com\/es\/wp-json\/wp\/v2\/users\/1"}],"replies":[{"embeddable":true,"href":"https:\/\/blublube.com\/es\/wp-json\/wp\/v2\/comments?post=30376"}],"version-history":[{"count":21,"href":"https:\/\/blublube.com\/es\/wp-json\/wp\/v2\/pages\/30376\/revisions"}],"predecessor-version":[{"id":33920,"href":"https:\/\/blublube.com\/es\/wp-json\/wp\/v2\/pages\/30376\/revisions\/33920"}],"wp:attachment":[{"href":"https:\/\/blublube.com\/es\/wp-json\/wp\/v2\/media?parent=30376"}],"curies":[{"name":"wp","href":"https:\/\/api.w.org\/{rel}","templated":true}]}}