{"id":3,"date":"2019-12-03T20:54:49","date_gmt":"2019-12-03T19:54:49","guid":{"rendered":"https:\/\/blublube.com\/?page_id=3"},"modified":"2019-12-18T08:23:42","modified_gmt":"2019-12-18T07:23:42","slug":"terminos-y-condiciones","status":"publish","type":"page","link":"https:\/\/blublube.com\/es\/terminos-y-condiciones\/","title":{"rendered":"T\u00e9rminos y Condiciones"},"content":{"rendered":"\t\t<div data-elementor-type=\"wp-page\" data-elementor-id=\"3\" class=\"elementor elementor-3\" data-elementor-post-type=\"page\">\n\t\t\t\t\t\t<section class=\"elementor-section elementor-top-section elementor-element elementor-element-1a84bf5a elementor-section-boxed elementor-section-height-default elementor-section-height-default\" data-id=\"1a84bf5a\" data-element_type=\"section\" data-e-type=\"section\">\n\t\t\t\t\t\t<div class=\"elementor-container elementor-column-gap-default\">\n\t\t\t\t\t<div class=\"elementor-column elementor-col-100 elementor-top-column elementor-element elementor-element-26ec3e30\" data-id=\"26ec3e30\" data-element_type=\"column\" data-e-type=\"column\">\n\t\t\t<div class=\"elementor-widget-wrap elementor-element-populated\">\n\t\t\t\t\t\t<div class=\"elementor-element elementor-element-17c1e83c elementor-widget elementor-widget-text-editor\" data-id=\"17c1e83c\" data-element_type=\"widget\" data-e-type=\"widget\" data-widget_type=\"text-editor.default\">\n\t\t\t\t<div class=\"elementor-widget-container\">\n\t\t\t\t\t\t\t\t\t\n<p><strong><u>T\u00e9rminos y Condiciones generales<\/u><\/strong><\/p>\n<p><strong>blublube.com<\/strong><\/p>\n<p><strong>Introducci\u00f3n.<\/strong>\u00a0El presente documento, as\u00ed como los mencionados en \u00e9l, establece las condiciones por las que se rige el uso de las siguientes p\u00e1ginas webs y la compra de productos en las mismas (en adelante, las \u00abCondiciones\u00bb):<\/p>\n<ul>\n<li>blublube.com<\/li>\n<\/ul>\n<p>Le rogamos que lean atentamente las presentes Condiciones, nuestra Pol\u00edtica de Cookies y nuestra Pol\u00edtica de Privacidad (conjuntamente, las \u201cPol\u00edticas de Protecci\u00f3n de Datos\u201d) antes de usar esta p\u00e1gina web. Al utilizar estas p\u00e1ginas webs o hacer un pedido a trav\u00e9s de las mismas usted consiente expresamente quedar vinculado por estas Condiciones y por nuestras Pol\u00edticas de Protecci\u00f3n de Datos, por lo que, si no est\u00e1 usted de acuerdo con todas las Condiciones y con las Pol\u00edticas de Protecci\u00f3n de Datos, no debe usar esta p\u00e1gina web. Si tiene alguna pregunta relacionada con las Condiciones o las Pol\u00edticas de Protecci\u00f3n de Datos puede ponerse en contacto con nosotros a trav\u00e9s de nuestro formulario de contacto. El contrato podr\u00e1 formalizarse, a su elecci\u00f3n, en cualquiera de los idiomas en los que las Condiciones est\u00e1n disponibles en estas p\u00e1ginas webs.<\/p>\n<p><strong>Condiciones generales de contrataci\u00f3n<\/strong>\u00a0entre\u00a0<strong>BLUB <\/strong>y el usuario:<\/p>\n<ol>\n<li>El usuario declara que es mayor de edad y dispone de capacidad legal necesaria para contratar los servicios ofertados por\u00a0<strong>BLUB<\/strong>, manifestando asimismo que acepta la vinculaci\u00f3n a este acuerdo y entiende y acepta en su totalidad las condiciones que constan a continuaci\u00f3n relativas a la utilizaci\u00f3n de las p\u00e1ginas web y a la contrataci\u00f3n de los servicios ofertados.<\/li>\n<\/ol>\n<p>En el caso de contrataci\u00f3n por menores de edad, se requiere la autorizaci\u00f3n de los padres o tutores para poder disfrutar del servicio contratado. El usuario se compromete a utilizar los servicios y contenidos en nuestro Sitio Web de conformidad con la Ley y los t\u00e9rminos y condiciones generales y particulares de los servicios que ofrece\u00a0<strong>BLUB <\/strong>en cada momento, debiendo abstenerse de emplearlos para:<\/p>\n<ol>\n<li>a) Transmitir a terceros no autorizados su nombre de usuario y su contrase\u00f1a, debiendo comunicar inmediatamente a\u00a0<strong>BLUB <\/strong>el acceso por parte de un usuario no autorizado a dicha informaci\u00f3n.<\/li>\n<li>b) Realizar actividades il\u00edcitas, contrarias a la buena fe, a las costumbres, a la moral o al orden p\u00fablico.<\/li>\n<li>c) Realizar actividades que constituyan una infracci\u00f3n de la regulaci\u00f3n sobre propiedad intelectual e industrial o cualquier otra norma del ordenamiento jur\u00eddico aplicable.<\/li>\n<li>d) Reproducir, duplicar, vender o explotar para fines comerciales cualquier contenido del Sitio Web.<\/li>\n<li>e) Difundir contenidos de car\u00e1cter racista, xen\u00f3fobo, pornogr\u00e1fico, de apolog\u00eda del terrorismo y\/o que atenten contra los derechos humanos.<\/li>\n<li>Al registrarse en\u00a0<strong>BLUB <\/strong>el Usuario dispondr\u00e1 de un nombre de usuario y una contrase\u00f1a elegidos por el propio Usuario.\u00a0<strong>BLUB <\/strong>no se hace responsable del mal uso de las contrase\u00f1as que el Usuario pueda llevar a cabo como cliente registrado al comprar productos en\u00a0<strong>BLUB<\/strong>. Es responsabilidad del Usuario custodiar debidamente las claves y contrase\u00f1as que le sean suministradas para el acceso como cliente registrado, impidiendo el uso indebido o acceso por parte de terceros.<\/li>\n<li>El usuario declara que toda la informaci\u00f3n suministrada a la hora de registrarse es verdadera, completa y precisa y que de conformidad con el Reglamento (UE) 2016\/679 DEL PARLAMENTO EUROPEO Y DEL CONSEJO de 27 de abril de 2016 relativo a la protecci\u00f3n de las personas f\u00edsicas en lo que respecta al tratamiento de datos personales y a la libre circulaci\u00f3n de estos datos. La persona que se registra autoriza expresamente a\u00a0<strong>BLUB <\/strong>para que proceda a incluir en un registro de actividades automatizado los datos de car\u00e1cter personal que figuran en los campos del formulario por resultar necesarios para la adecuada prestaci\u00f3n de sus servicios como:<\/li>\n<li>a) Realizar pedidos de los productos ofrecidos en las webs de\u00a0<strong>BLUB<\/strong>.<\/li>\n<li>b) Verificar tarjetas de cr\u00e9dito y otros tipos de tarjetas de pago.<\/li>\n<li>c) Realizar an\u00e1lisis estad\u00edsticos.<\/li>\n<li>d) Dar cumplimiento a los requisitos de contabilidad, facturaci\u00f3n y auditor\u00eda de\u00a0<strong>BLUB<\/strong>.<\/li>\n<li>Se indica que el Responsable del fichero es la sociedad mercantil GAGER SPORT S.L. (con C.I.F. B66962424, sita en calle Verg\u00f3s 53 Entslo 2\u00aa 08017 Barcelona., e-mail:\u00a0info@blublube.com), a efectos del ejercicio de los derechos de acceso, rectificaci\u00f3n, cancelaci\u00f3n y oposici\u00f3n previstos en la Ley. El cliente autoriza expresamente la comunicaci\u00f3n de dichos datos a terceros cuando resulte necesario para la adecuada prestaci\u00f3n de los servicios que se contraten respetando en todo momento la legislaci\u00f3n en vigor.<\/li>\n<\/ol>\n<p>El usuario da su consentimiento expreso para recibir comunicaciones electr\u00f3nicas con publicidad y novedades comerciales de\u00a0<strong>BLUB <\/strong>sobre los productos y servicios que \u00e9sta comercializa.<\/p>\n<p>Los precios indicados en pantalla incluyen el I.V.A. y cualquier otro impuesto o tasa que fuera de aplicaci\u00f3n.<\/p>\n<ol start=\"5\">\n<li>El usuario acepta que la legislaci\u00f3n aplicable al funcionamiento de este servicio es la espa\u00f1ola. Ser\u00e1n competentes para conocer de las divergencias que se deriven de la interpretaci\u00f3n o aplicaci\u00f3n de este clausulado los Jueces y Tribunales del domicilio del usuario.<\/li>\n<li>El env\u00edo y la remisi\u00f3n de datos que se realice por el usuario a trav\u00e9s de las webs de\u00a0<strong>BLUB <\/strong>o la informaci\u00f3n que \u00e9sta remita, se encuentra protegida por las m\u00e1s modernas t\u00e9cnicas de seguridad electr\u00f3nica en la red. Asimismo, los datos suministrados y almacenados en nuestras bases de datos se encuentran igualmente protegidos por sistemas de seguridad que impiden el acceso de terceros no autorizados a los mismos.\u00a0<strong>BLUB <\/strong>realiza sus mejores esfuerzos para disponer de los sistemas m\u00e1s actualizados para la eficacia de estos sistemas de seguridad.<\/li>\n<li>El plazo m\u00e1ximo de entrega del producto es el que se indica en cada oferta, que en ning\u00fan caso ser\u00e1 superior a 30 d\u00edas naturales. En el supuesto de que por cuestiones de fuerza mayor\u00a0<strong>BLUB <\/strong>no pudiese cumplir con el plazo que se indica en la oferta, \u00e9sta informar\u00e1 puntualmente al usuario de dicha circunstancia.<\/li>\n<li>a) El usuario deber\u00e1 comprobar que la mercanc\u00eda recibida se corresponda con los productos que solicit\u00f3 y que \u00e9stos se encuentran en perfecto estado. En el caso de que se aprecie alg\u00fan desperfecto externo o interno, deber\u00e1 comunicarnos la incidencia, a trav\u00e9s del formulario de contacto de nuestra web, dentro de las primeras 48 horas a contar desde la fecha en la que recibi\u00f3 el env\u00edo.<\/li>\n<li>b)\u00a0<strong>BLUB<\/strong>\n<ul>\n<li>N\u00famero de visitantes.<\/li>\n<li>Nombre de dominio del proveedor que les da acceso a la red.<\/li>\n<li>Fecha y hora de acceso al Sitio Web.<\/li>\n<li>Direcci\u00f3n de Internet desde la que parte el link que dirige al usuario a nuestro Sitio Web.<\/li>\n<\/ul>\n<\/li>\n<\/ol>\n<ol start=\"8\">\n<li>El usuario es responsable de facilitar sus datos correctos, especialmente la direcci\u00f3n de entrega de los pedidos.\u00a0<strong>BLUB <\/strong>no se hace responsable de los problemas o gastos generados por errores de esta \u00edndole.<\/li>\n<li>No se permiten cancelaciones una vez hecho el pago.<\/li>\n<li>El Usuario dispone de quince (15) d\u00edas naturales a contar desde la fecha de recepci\u00f3n del pedido para, en el ejercicio de su derecho de desistimiento del contrato, devolvernos un producto con el que no est\u00e1 satisfecho y recuperar el importe del mismo quedando incluidos los gastos de entrega. Dentro de este plazo, podr\u00e1 devolvernos dicho producto junto con la factura. Para la seguridad del Usuario recomendamos la utilizaci\u00f3n de un servicio de env\u00edo certificado o con un seguro que puede suscribirse con la compa\u00f1\u00eda de transportes por el valor del producto. La totalidad de los costes de devoluci\u00f3n son a cargo del Usuario salvo que le hubi\u00e9semos enviado un producto por error o en caso de que el producto estuviese da\u00f1ado o fuese defectuoso, en cuyo caso los gastos correspondientes a la devoluci\u00f3n ser\u00e1n a cargo de\u00a0<strong>BLUB<\/strong>, no obstante, en ese caso, \u00fanicamente el usuario podr\u00e1 devolver el producto empleando el m\u00e9todo de env\u00edo m\u00e1s econ\u00f3mico que le ser\u00e1 indicado por\u00a0<strong>BLUB<\/strong>.<\/li>\n<\/ol>\n<p>El Usuario ser\u00e1 responsable de la depreciaci\u00f3n de valor de los bienes resultante de una manipulaci\u00f3n distinta a la necesaria para establecer la naturaleza, las caracter\u00edsticas y el funcionamiento de los bienes; en el supuesto de que se produjese una incorrecta manipulaci\u00f3n del producto por parte del Usuario devuelto por el cliente y tras una valoraci\u00f3n por parte de los t\u00e9cnicos de\u00a0<strong>BLUB <\/strong>para determinar la p\u00e9rdida de valor del producto, se transmitir\u00e1 una oferta al cliente. Si el cliente acepta los t\u00e9rminos de la oferta, se aceptar\u00e1 la devoluci\u00f3n y\u00a0<strong>BLUB <\/strong>proceder\u00e1 a realizar un reembolso por la cantidad econ\u00f3mica acordada. Si el cliente no acepta la oferta deber\u00e1 hacerse cargo del producto para su recogida en los almacenes de\u00a0<strong>BLUB<\/strong>.<\/p>\n<p>Por su naturaleza, no ser\u00e1n admitidas devoluciones de productos que hayan sido desprecintados y con evidentes s\u00edntomas de haber sido empleados m\u00e1s all\u00e1 del uso razonable para comprobar su correcto funcionamiento, y por lo tanto, no puedan ser devueltos. Los productos que se devuelvan tienen que llegar en el mismo estado en que se enviaron, con todos los componentes del mismo, sin modificaciones ni alteraciones y preferiblemente con su embalaje original,\u00a0<strong>BLUB <\/strong>entiende que el embalaje original haya podido ser retirado para su comprobaci\u00f3n, pero no se aceptar\u00e1n devoluciones que se realicen sin los precintos y embalajes interiores, as\u00ed como anclajes y dem\u00e1s sujeciones de origen.<\/p>\n<p>La direcci\u00f3n de\u00a0<strong>BLUB <\/strong>a efectos de devoluciones es la siguiente:<\/p>\n<p><strong>GAGER SPORT SL.<br \/>ATT. DEVOLUCIONES Calle de Justa Goicoechea, 6, 08902 L&#8217;Hospitalet de Llobregat, Barcelona.<\/strong><\/p>\n<p>Una vez recibamos el producto y comprobemos que cumple los requisitos de devoluci\u00f3n,\u00a0<strong>BLUB <\/strong>proceder\u00e1 a la devoluci\u00f3n del importe del mismo y del importe correspondiente a los gastos de entrega (con la excepci\u00f3n de los gastos adicionales resultantes de la elecci\u00f3n por parte del Usuario de una modalidad de entrega diferente a la modalidad menos costosa de entrega ordinaria que ofrecemos) en la tarjeta con la que el Usuario realiz\u00f3 la compra o a trav\u00e9s de su cuenta Paypal (seg\u00fan corresponda), todo ello en un plazo m\u00e1ximo de catorce (14) d\u00edas naturales a contar desde la fecha en la que el Usuario acredite haber procedido a la devoluci\u00f3n. En caso de retraso injustificado en la devoluci\u00f3n de las cantidades abonadas, el Usuario tiene derecho a solicitar que\u00a0<strong>BLUB <\/strong>pague el doble del importe adeudado, sin perjuicio de su derecho a ser indemnizado por otros da\u00f1os o perjuicios.<\/p>\n<ol start=\"11\">\n<li>Si cualquier cl\u00e1usula incluida en estas condiciones generales fuese declarada, total o parcialmente, nula o ineficaz, tal nulidad o ineficacia afectar\u00e1 tan s\u00f3lo a dicha disposici\u00f3n o a la parte de la misma que resulte nula o ineficaz, subsistiendo las condiciones generales en todo lo dem\u00e1s, teni\u00e9ndose tal disposici\u00f3n, o la parte de la misma que resultase afectada, por no puesta.<\/li>\n<li>Para cualquier sugerencia, consulta, queja o reclamaci\u00f3n el usuario debe dirigirse a GAGER SPORT SL. a la direcci\u00f3n de correo postal Calle Santa Justa Goicoechea 6, 08902 L\u2019Hospitalet de Llobregat, n\u00famero de tel\u00e9fono 680 211 200 (L-V, 10:00h &#8211; 13:00h), o mediante comunicaci\u00f3n electr\u00f3nica a la direcci\u00f3n de correo electr\u00f3nico:\u00a0info@blublube.com.<\/li>\n<li><strong>BLUB<\/strong> atendiendo a lo previsto en el art\u00edculo 14.1 del Reglamento UE 524\/2013 de 21 de mayo de 2013 sobre resoluci\u00f3n de litigios en materia de consumo, pone en conocimiento de sus Usuarios que estos pueden acceder a la p\u00e1gina de resoluci\u00f3n extrajudicial de conflictos accesible mediante el siguiente link:\u00a0<a href=\"http:\/\/europa.eu\/youreurope\/citizens\/consumers\/consumers-dispute-resolution\/index_es.htm\">http:\/\/europa.eu\/youreurope\/citizens\/consumers\/consumers-dispute-resolution\/index_es.htm<\/a><\/li>\n<li><strong>BLUB <\/strong>informa al Usuario respecto a la existencia de la correspondiente garant\u00eda legal de conformidad para los productos comercializados a trav\u00e9s de sus p\u00e1ginas web.<\/li>\n<\/ol>\n<p>\u00a0<\/p>\n<p>Podr\u00e1s en todo momento acceder a tu\u00a0\u00e1rea de usuario\u00a0para actualizar\u00a0tus datos\u00a0si lo necesitas, modificar tus preferencias de\u00a0suscripci\u00f3n\u00a0y seguir el estado de\u00a0tus pedidos.<\/p>\n<p>Si est\u00e1s suscrito a la\u00a0newsletter\u00a0siempre podr\u00e1s\u00a0darte de baja\u00a0desde la web o desde el mismo email en dos\u00a0clicks. En cada email encontrar\u00e1s un enlace para gestionar t\u00fa mismo tus suscripciones en la cabecera y pie del email.<\/p>\n<p>Si necesitas contactar con nosotros, tenemos un equipo de eficientes y simp\u00e1ticos profesionales de Atenci\u00f3n al cliente, que te resolver\u00e1n cualquier duda. Puedes enviarnos tus sugerencias o consultas a trav\u00e9s del\u00a0formulario de contacto, y te responderemos con la mayor agilidad.<\/p>\n\t\t\t\t\t\t\t\t<\/div>\n\t\t\t\t<\/div>\n\t\t\t\t\t<\/div>\n\t\t<\/div>\n\t\t\t\t\t<\/div>\n\t\t<\/section>\n\t\t\t\t<\/div>\n\t\t","protected":false},"excerpt":{"rendered":"<p>T\u00e9rminos y Condiciones generales blublube.com Introducci\u00f3n.\u00a0El presente documento, as\u00ed como los mencionados en \u00e9l, establece las condiciones por las que se rige el uso de las siguientes p\u00e1ginas webs y la compra de productos en las mismas (en adelante, las \u00abCondiciones\u00bb): blublube.com Le rogamos que lean atentamente las presentes Condiciones, nuestra Pol\u00edtica de Cookies y [&hellip;]<\/p>\n","protected":false},"author":1,"featured_media":0,"parent":0,"menu_order":0,"comment_status":"closed","ping_status":"closed","template":"","meta":{"footnotes":""},"class_list":["post-3","page","type-page","status-publish","hentry"],"yoast_head":"<!-- This site is optimized with the Yoast SEO plugin v27.2 - https:\/\/yoast.com\/product\/yoast-seo-wordpress\/ -->\n<title>T\u00e9rminos y Condiciones - Blub<\/title>\n<meta name=\"robots\" content=\"index, follow, max-snippet:-1, max-image-preview:large, max-video-preview:-1\" \/>\n<link rel=\"canonical\" href=\"https:\/\/blublube.com\/es\/terminos-y-condiciones\/\" \/>\n<meta property=\"og:locale\" content=\"es_ES\" \/>\n<meta property=\"og:type\" content=\"article\" \/>\n<meta property=\"og:title\" content=\"T\u00e9rminos y Condiciones - Blub\" \/>\n<meta property=\"og:description\" content=\"T\u00e9rminos y Condiciones generales blublube.com Introducci\u00f3n.\u00a0El presente documento, as\u00ed como los mencionados en \u00e9l, establece las condiciones por las que se rige el uso de las siguientes p\u00e1ginas webs y la compra de productos en las mismas (en adelante, las \u00abCondiciones\u00bb): blublube.com Le rogamos que lean atentamente las presentes Condiciones, nuestra Pol\u00edtica de Cookies y [&hellip;]\" \/>\n<meta property=\"og:url\" content=\"https:\/\/blublube.com\/es\/terminos-y-condiciones\/\" \/>\n<meta property=\"og:site_name\" content=\"Blub\" \/>\n<meta property=\"article:publisher\" content=\"https:\/\/www.facebook.com\/Blublube\" \/>\n<meta property=\"article:modified_time\" content=\"2019-12-18T07:23:42+00:00\" \/>\n<meta property=\"og:image\" content=\"https:\/\/blublube.com\/wp-content\/uploads\/2019\/12\/Twitter_2.png\" \/>\n\t<meta property=\"og:image:width\" content=\"1667\" \/>\n\t<meta property=\"og:image:height\" content=\"1667\" \/>\n\t<meta property=\"og:image:type\" content=\"image\/png\" \/>\n<meta name=\"twitter:card\" content=\"summary_large_image\" \/>\n<meta name=\"twitter:label1\" content=\"Tiempo de lectura\" \/>\n\t<meta name=\"twitter:data1\" content=\"11 minutos\" \/>\n<script type=\"application\/ld+json\" class=\"yoast-schema-graph\">{\"@context\":\"https:\/\/schema.org\",\"@graph\":[{\"@type\":\"WebPage\",\"@id\":\"https:\/\/blublube.com\/es\/terminos-y-condiciones\/\",\"url\":\"https:\/\/blublube.com\/es\/terminos-y-condiciones\/\",\"name\":\"T\u00e9rminos y Condiciones - Blub\",\"isPartOf\":{\"@id\":\"https:\/\/blublube.com\/#website\"},\"datePublished\":\"2019-12-03T19:54:49+00:00\",\"dateModified\":\"2019-12-18T07:23:42+00:00\",\"breadcrumb\":{\"@id\":\"https:\/\/blublube.com\/es\/terminos-y-condiciones\/#breadcrumb\"},\"inLanguage\":\"es\",\"potentialAction\":[{\"@type\":\"ReadAction\",\"target\":[\"https:\/\/blublube.com\/es\/terminos-y-condiciones\/\"]}]},{\"@type\":\"BreadcrumbList\",\"@id\":\"https:\/\/blublube.com\/es\/terminos-y-condiciones\/#breadcrumb\",\"itemListElement\":[{\"@type\":\"ListItem\",\"position\":1,\"name\":\"Home\",\"item\":\"https:\/\/blublube.com\/es\/blub-lube\/\"},{\"@type\":\"ListItem\",\"position\":2,\"name\":\"T\u00e9rminos y Condiciones\"}]},{\"@type\":\"WebSite\",\"@id\":\"https:\/\/blublube.com\/#website\",\"url\":\"https:\/\/blublube.com\/\",\"name\":\"Blub\",\"description\":\"El mejor cuidado para tu bicicleta\",\"publisher\":{\"@id\":\"https:\/\/blublube.com\/#organization\"},\"potentialAction\":[{\"@type\":\"SearchAction\",\"target\":{\"@type\":\"EntryPoint\",\"urlTemplate\":\"https:\/\/blublube.com\/?s={search_term_string}\"},\"query-input\":{\"@type\":\"PropertyValueSpecification\",\"valueRequired\":true,\"valueName\":\"search_term_string\"}}],\"inLanguage\":\"es\"},{\"@type\":\"Organization\",\"@id\":\"https:\/\/blublube.com\/#organization\",\"name\":\"Blub\",\"url\":\"https:\/\/blublube.com\/\",\"logo\":{\"@type\":\"ImageObject\",\"inLanguage\":\"es\",\"@id\":\"https:\/\/blublube.com\/#\/schema\/logo\/image\/\",\"url\":\"https:\/\/blublube.com\/wp-content\/uploads\/2024\/11\/BLUB-LOGO-Website.png\",\"contentUrl\":\"https:\/\/blublube.com\/wp-content\/uploads\/2024\/11\/BLUB-LOGO-Website.png\",\"width\":250,\"height\":164,\"caption\":\"Blub\"},\"image\":{\"@id\":\"https:\/\/blublube.com\/#\/schema\/logo\/image\/\"},\"sameAs\":[\"https:\/\/www.facebook.com\/Blublube\",\"https:\/\/www.instagram.com\/blub_lube\/\",\"https:\/\/www.youtube.com\/@blublube1958\"]}]}<\/script>\n<!-- \/ Yoast SEO plugin. -->","yoast_head_json":{"title":"T\u00e9rminos y Condiciones - Blub","robots":{"index":"index","follow":"follow","max-snippet":"max-snippet:-1","max-image-preview":"max-image-preview:large","max-video-preview":"max-video-preview:-1"},"canonical":"https:\/\/blublube.com\/es\/terminos-y-condiciones\/","og_locale":"es_ES","og_type":"article","og_title":"T\u00e9rminos y Condiciones - Blub","og_description":"T\u00e9rminos y Condiciones generales blublube.com Introducci\u00f3n.\u00a0El presente documento, as\u00ed como los mencionados en \u00e9l, establece las condiciones por las que se rige el uso de las siguientes p\u00e1ginas webs y la compra de productos en las mismas (en adelante, las \u00abCondiciones\u00bb): blublube.com Le rogamos que lean atentamente las presentes Condiciones, nuestra Pol\u00edtica de Cookies y [&hellip;]","og_url":"https:\/\/blublube.com\/es\/terminos-y-condiciones\/","og_site_name":"Blub","article_publisher":"https:\/\/www.facebook.com\/Blublube","article_modified_time":"2019-12-18T07:23:42+00:00","og_image":[{"width":1667,"height":1667,"url":"https:\/\/blublube.com\/wp-content\/uploads\/2019\/12\/Twitter_2.png","type":"image\/png"}],"twitter_card":"summary_large_image","twitter_misc":{"Tiempo de lectura":"11 minutos"},"schema":{"@context":"https:\/\/schema.org","@graph":[{"@type":"WebPage","@id":"https:\/\/blublube.com\/es\/terminos-y-condiciones\/","url":"https:\/\/blublube.com\/es\/terminos-y-condiciones\/","name":"T\u00e9rminos y Condiciones - Blub","isPartOf":{"@id":"https:\/\/blublube.com\/#website"},"datePublished":"2019-12-03T19:54:49+00:00","dateModified":"2019-12-18T07:23:42+00:00","breadcrumb":{"@id":"https:\/\/blublube.com\/es\/terminos-y-condiciones\/#breadcrumb"},"inLanguage":"es","potentialAction":[{"@type":"ReadAction","target":["https:\/\/blublube.com\/es\/terminos-y-condiciones\/"]}]},{"@type":"BreadcrumbList","@id":"https:\/\/blublube.com\/es\/terminos-y-condiciones\/#breadcrumb","itemListElement":[{"@type":"ListItem","position":1,"name":"Home","item":"https:\/\/blublube.com\/es\/blub-lube\/"},{"@type":"ListItem","position":2,"name":"T\u00e9rminos y Condiciones"}]},{"@type":"WebSite","@id":"https:\/\/blublube.com\/#website","url":"https:\/\/blublube.com\/","name":"Blub","description":"El mejor cuidado para tu bicicleta","publisher":{"@id":"https:\/\/blublube.com\/#organization"},"potentialAction":[{"@type":"SearchAction","target":{"@type":"EntryPoint","urlTemplate":"https:\/\/blublube.com\/?s={search_term_string}"},"query-input":{"@type":"PropertyValueSpecification","valueRequired":true,"valueName":"search_term_string"}}],"inLanguage":"es"},{"@type":"Organization","@id":"https:\/\/blublube.com\/#organization","name":"Blub","url":"https:\/\/blublube.com\/","logo":{"@type":"ImageObject","inLanguage":"es","@id":"https:\/\/blublube.com\/#\/schema\/logo\/image\/","url":"https:\/\/blublube.com\/wp-content\/uploads\/2024\/11\/BLUB-LOGO-Website.png","contentUrl":"https:\/\/blublube.com\/wp-content\/uploads\/2024\/11\/BLUB-LOGO-Website.png","width":250,"height":164,"caption":"Blub"},"image":{"@id":"https:\/\/blublube.com\/#\/schema\/logo\/image\/"},"sameAs":["https:\/\/www.facebook.com\/Blublube","https:\/\/www.instagram.com\/blub_lube\/","https:\/\/www.youtube.com\/@blublube1958"]}]}},"_links":{"self":[{"href":"https:\/\/blublube.com\/es\/wp-json\/wp\/v2\/pages\/3","targetHints":{"allow":["GET"]}}],"collection":[{"href":"https:\/\/blublube.com\/es\/wp-json\/wp\/v2\/pages"}],"about":[{"href":"https:\/\/blublube.com\/es\/wp-json\/wp\/v2\/types\/page"}],"author":[{"embeddable":true,"href":"https:\/\/blublube.com\/es\/wp-json\/wp\/v2\/users\/1"}],"replies":[{"embeddable":true,"href":"https:\/\/blublube.com\/es\/wp-json\/wp\/v2\/comments?post=3"}],"version-history":[{"count":0,"href":"https:\/\/blublube.com\/es\/wp-json\/wp\/v2\/pages\/3\/revisions"}],"wp:attachment":[{"href":"https:\/\/blublube.com\/es\/wp-json\/wp\/v2\/media?parent=3"}],"curies":[{"name":"wp","href":"https:\/\/api.w.org\/{rel}","templated":true}]}}